{"id":296,"date":"2025-08-07T02:06:03","date_gmt":"2025-08-07T02:06:03","guid":{"rendered":"http:\/\/3.23.237.209\/?page_id=296"},"modified":"2026-03-11T16:32:15","modified_gmt":"2026-03-11T16:32:15","slug":"financials","status":"publish","type":"page","link":"https:\/\/southeastgas.com\/es\/about-us\/financials\/","title":{"rendered":"Finanzas"},"content":{"rendered":"<div class=\"wp-block-stackable-columns stk-block-columns stk-block stk-06ff370\" data-block-id=\"06ff370\"><style>.stk-06ff370 {margin-bottom:25px !important;}.stk-06ff370-column{--stk-column-gap:50px !important;row-gap:25px !important;}<\/style><div class=\"stk-row stk-inner-blocks stk-block-content stk-content-align stk-06ff370-column\">\n<div class=\"wp-block-stackable-column stk-block-column stk-column stk-block stk-7a33d94 stk-entrance\" data-v=\"4\" data-block-id=\"7a33d94\"><style>.stk-7a33d94 {--entrance-transform:translateX(-50px) !important;}@media screen and (min-width:690px){.stk-7a33d94 {flex:var(--stk-flex-grow, 1) 1 calc(58.5% - var(--stk-column-gap, 0px) * 1 \/ 2 ) !important;}}<\/style><div class=\"stk-column-wrapper stk-block-column__content stk-container stk-7a33d94-container stk--no-background stk--no-padding\"><div class=\"stk-block-content stk-inner-blocks stk-7a33d94-inner-blocks\">\n<h1 class=\"wp-block-heading has-text-align-left\">Comprometidos con la transparencia y la responsabilidad fiscal<\/h1>\n\n\n\n<p>En Southeast Gas, nos enorgullecemos de ser una empresa de servicios p\u00fablicos financieramente s\u00f3lida y centrada en la comunidad. Nuestras operaciones se rigen por un compromiso de responsabilidad, gasto responsable y sostenibilidad a largo plazo. Como somos de propiedad municipal, cada decisi\u00f3n que tomamos apoya a las ciudades y a los clientes a los que servimos. Eso significa que el dinero que usted gasta en energ\u00eda se queda aqu\u00ed: se invierte en infraestructuras, seguridad, desarrollo econ\u00f3mico y programas locales que impulsan el crecimiento en todo el sureste de Alabama.<\/p>\n<\/div><\/div><\/div>\n\n\n\n<div class=\"wp-block-stackable-column stk-block-column stk-column stk-block stk-edf5d09 stk-entrance\" data-v=\"4\" data-block-id=\"edf5d09\"><style>.stk-edf5d09 {--entrance-transform:translateX(50px) !important;}@media screen and (min-width:690px){.stk-edf5d09 {flex:var(--stk-flex-grow, 1) 1 calc(41.5% - var(--stk-column-gap, 0px) * 1 \/ 2 ) !important;}}<\/style><div class=\"stk-column-wrapper stk-block-column__content stk-container stk-edf5d09-container stk--no-background stk--no-padding\"><div class=\"stk-block-content stk-inner-blocks stk-edf5d09-inner-blocks\">\n<div class=\"wp-block-stackable-columns stk-block-columns stk-block stk-329c5cb\" data-block-id=\"329c5cb\"><style>.stk-329c5cb {margin-bottom:0px !important;}<\/style><div class=\"stk-row stk-inner-blocks stk-block-content stk-content-align stk-329c5cb-column\">\n<div class=\"wp-block-stackable-column stk-block-column stk-column stk-block stk-6ecc2b9\" data-v=\"4\" data-block-id=\"6ecc2b9\"><style>.stk-6ecc2b9-container{margin-top:10px !important;margin-right:10px !important;margin-bottom:10px !important;margin-left:10px !important;}.stk-6ecc2b9-inner-blocks{align-items:center !important;}.stk-6ecc2b9 {border-top-left-radius:var(--stk--preset--border-radius--small, 4px) !important;border-top-right-radius:var(--stk--preset--border-radius--small, 4px) !important;border-bottom-right-radius:var(--stk--preset--border-radius--small, 4px) !important;border-bottom-left-radius:var(--stk--preset--border-radius--small, 4px) !important;overflow:hidden !important;min-height:13rem !important;align-items:center !important;margin-top:10px !important;display:flex !important;}<\/style><div class=\"stk-column-wrapper stk-block-column__content stk-container stk-6ecc2b9-container stk--no-background stk--no-padding\"><div class=\"has-text-align-center stk--column-flex stk-block-content stk-inner-blocks stk-6ecc2b9-inner-blocks\">\n<div class=\"wp-block-stackable-image stk-block-image stk-block stk-d156525\" data-block-id=\"d156525\"><style>.stk-d156525 {border-top-left-radius:var(--stk--preset--border-radius--small, 4px) !important;border-top-right-radius:var(--stk--preset--border-radius--small, 4px) !important;border-bottom-right-radius:var(--stk--preset--border-radius--small, 4px) !important;border-bottom-left-radius:var(--stk--preset--border-radius--small, 4px) !important;overflow:hidden !important;}<\/style><figure><span class=\"stk-img-wrapper stk-image--shape-stretch\"><img loading=\"lazy\" decoding=\"async\" class=\"stk-img wp-image-1362\" src=\"https:\/\/southeastgas.com\/wp-content\/uploads\/Service-with-CEO.webp\" width=\"2000\" height=\"2000\" alt=\"Southeast Gas CEO speaking at community event with SERVES banners and balloons.\" srcset=\"https:\/\/southeastgas.com\/wp-content\/uploads\/Service-with-CEO.webp 2000w, https:\/\/southeastgas.com\/wp-content\/uploads\/Service-with-CEO-300x300.webp 300w, https:\/\/southeastgas.com\/wp-content\/uploads\/Service-with-CEO-1024x1024.webp 1024w, https:\/\/southeastgas.com\/wp-content\/uploads\/Service-with-CEO-150x150.webp 150w, https:\/\/southeastgas.com\/wp-content\/uploads\/Service-with-CEO-768x768.webp 768w, https:\/\/southeastgas.com\/wp-content\/uploads\/Service-with-CEO-1536x1536.webp 1536w, https:\/\/southeastgas.com\/wp-content\/uploads\/Service-with-CEO-12x12.webp 12w\" sizes=\"auto, (max-width: 2000px) 100vw, 2000px\" \/><\/span><\/figure><\/div>\n<\/div><\/div><\/div>\n<\/div><\/div>\n<\/div><\/div><\/div>\n<\/div><\/div>\n\n\n\n<div class=\"wp-block-stackable-columns alignfull stk-block-columns stk-block stk-319ab62 stk-block-background\" data-block-id=\"319ab62\"><style>.stk-319ab62 {background-color:var(--theme-palette-color-2, #0F4C6C) !important;margin-top:50px !important;margin-bottom:0px !important;}.stk-319ab62:before{background-color:var(--theme-palette-color-2, #0F4C6C) !important;}<\/style><div class=\"stk-row stk-inner-blocks stk-block-content stk-content-align stk-319ab62-column alignwide\">\n<div class=\"wp-block-stackable-column stk-block-column stk-column stk-block stk-57ceedb\" data-v=\"4\" data-block-id=\"57ceedb\"><div class=\"stk-column-wrapper stk-block-column__content stk-container stk-57ceedb-container stk--no-background stk--no-padding\"><div class=\"stk-block-content stk-inner-blocks stk-57ceedb-inner-blocks\">\n<div class=\"wp-block-stackable-columns alignfull stk-block-columns stk-block stk-51033a6\" data-block-id=\"51033a6\"><style>.stk-51033a6 {border-top-width:0px !important;border-right-width:0px !important;border-bottom-width:0px !important;border-left-width:0px !important;align-items:center !important;margin-top:0px !important;margin-bottom:0px !important;display:flex !important;}.stk-51033a6-column{--stk-columns-spacing:var(--stk--preset--spacing--60, 2.25rem) !important;}<\/style><div class=\"stk-row stk-inner-blocks stk-block-content stk-content-align stk-51033a6-column alignfull\">\n<div class=\"wp-block-stackable-column stk-block-column stk-column stk-block stk-873f913 stk-entrance\" data-v=\"4\" data-block-id=\"873f913\"><style>.stk-873f913-inner-blocks{align-items:center !important;}.stk-873f913 {border-style:solid !important;border-color:var(--theme-palette-color-1, #46B865) !important;border-top-width:0px !important;border-right-width:0px !important;border-bottom-width:0px !important;border-left-width:0px !important;--entrance-transform:translateY(15px) !important;}.stk-873f913:hover{border-top-width:0px !important;border-right-width:1px !important;border-bottom-width:1px !important;border-left-width:0px !important;}@media screen and (max-width:999px){.stk-873f913-container{margin-top:var(--stk--preset--spacing--40, 1rem) !important;margin-right:var(--stk--preset--spacing--40, 1rem) !important;margin-bottom:var(--stk--preset--spacing--40, 1rem) !important;margin-left:var(--stk--preset--spacing--40, 1rem) !important;}}<\/style><div class=\"stk-column-wrapper stk-block-column__content stk-container stk-873f913-container stk--no-background stk--no-padding\"><div class=\"stk--column-flex stk-block-content stk-inner-blocks stk-873f913-inner-blocks\">\n<div class=\"wp-block-stackable-icon-label aligncenter stk-block-icon-label stk-block stk-cfa1e5a icon-header-center\" data-block-id=\"cfa1e5a\"><style>.stk-cfa1e5a .stk-inner-blocks{gap:15px !important;}.stk-cfa1e5a {align-items:center !important;margin-bottom:10px !important;display:flex !important;}<\/style><div class=\"stk-row stk-inner-blocks stk-block-content\">\n<div class=\"wp-block-stackable-icon stk-block-icon has-text-align-left stk-block stk-b8be3b6\" data-block-id=\"b8be3b6\"><style>.stk-b8be3b6 .stk--svg-wrapper .stk--inner-svg svg:last-child{height:25px !important;width:25px !important;}.stk-b8be3b6 .stk--svg-wrapper .stk--inner-svg svg:last-child, .stk-b8be3b6 .stk--svg-wrapper .stk--inner-svg svg:last-child :is(g, path, rect, polygon, ellipse){fill:url(#linear-gradient-b8be3b6) !important;}.stk-b8be3b6 .stk--svg-wrapper #linear-gradient-b8be3b6{transform:rotate(45deg) !important;--linear-gradient-b-8-be-3-b-6-color-1:var(--theme-palette-color-1, #46B865) !important;--linear-gradient-b-8-be-3-b-6-color-2:#90c73e !important;}<\/style><span class=\"stk--svg-wrapper\"><div class=\"stk--inner-svg\"><svg style=\"height:0;width:0\"><defs><lineargradient id=\"linear-gradient-b8be3b6\" x1=\"0\" x2=\"100%\" y1=\"0\" y2=\"0\"><stop offset=\"0%\" style=\"stop-opacity:1;stop-color:var(--linear-gradient-b-8-be-3-b-6-color-1)\"><\/stop><stop offset=\"100%\" style=\"stop-opacity:1;stop-color:var(--linear-gradient-b-8-be-3-b-6-color-2)\"><\/stop><\/lineargradient><\/defs><\/svg><svg xmlns=\"http:\/\/www.w3.org\/2000\/svg\" viewbox=\"0 0 576 512\" aria-hidden=\"true\" width=\"32\" height=\"32\"><path d=\"M249.6 471.5c10.8 3.8 22.4-4.1 22.4-15.5V78.6c0-4.2-1.6-8.4-5-11C247.4 52 202.4 32 144 32C93.5 32 46.3 45.3 18.1 56.1C6.8 60.5 0 71.7 0 83.8V454.1c0 11.9 12.8 20.2 24.1 16.5C55.6 460.1 105.5 448 144 448c33.9 0 79 14 105.6 23.5zm76.8 0C353 462 398.1 448 432 448c38.5 0 88.4 12.1 119.9 22.6c11.3 3.8 24.1-4.6 24.1-16.5V83.8c0-12.1-6.8-23.3-18.1-27.6C529.7 45.3 482.5 32 432 32c-58.4 0-103.4 20-123 35.6c-3.3 2.6-5 6.8-5 11V456c0 11.4 11.7 19.3 22.4 15.5z\"\/><\/svg><\/div><\/span><\/div>\n\n\n\n<div class=\"wp-block-stackable-heading stk-block-heading stk-block-heading--v2 stk-block stk-42ff57f\" id=\"annual-report\" data-block-id=\"42ff57f\"><style>.stk-42ff57f .stk-block-heading__text{font-size:23px !important;color:var(--theme-palette-color-8, #ffffff) !important;line-height:1em !important;}@media screen and (max-width:999px){.stk-42ff57f .stk-block-heading__text{font-size:23px !important;}}<\/style><h4 class=\"stk-block-heading__text has-text-color\">Informe anual<\/h4><\/div>\n<\/div><\/div>\n\n\n\n<p class=\"has-palette-color-6-color has-text-color has-link-color wp-elements-ca33f07697c0daf47df16bd3ea139c6e\" style=\"font-size:clamp(14px, 0.875rem + ((1vw - 3.2px) * 0.313), 18px);line-height:1.3\">Obtenga una visi\u00f3n completa de nuestros resultados financieros, inversiones en el sistema e impacto en la comunidad.<\/p>\n\n\n\n<div class=\"wp-block-stackable-button-group aligncenter stk-block-button-group stk-block stk-0cba7f8\" data-block-id=\"0cba7f8\"><div class=\"stk-row stk-inner-blocks has-text-align-center stk-block-content stk-button-group\">\n<div class=\"wp-block-stackable-button stk-block-button has-text-align-center stk-block stk-3b2e649\" data-block-id=\"3b2e649\"><style>.stk-3b2e649 .stk-button{padding-top:6px !important;padding-right:19px !important;padding-bottom:6px !important;padding-left:19px !important;background:var(--theme-palette-color-6, #B9E5FB) !important;}.stk-3b2e649 .stk-button:hover:after{background:var(--theme-palette-color-1, #46B865) !important;opacity:1 !important;}.stk-3b2e649 .stk-button__inner-text{font-size:15px !important;color:var(--theme-palette-color-4, #082644) !important;line-height:1em !important;font-weight:500 !important;}.stk-3b2e649 .stk-button:hover .stk-button__inner-text{color:var(--theme-palette-color-4, #082644) !important;}@media screen and (max-width:999px){.stk-3b2e649 .stk-button__inner-text{font-size:15px !important;}}<\/style><a aria-label=\"Opens in a new tab\" class=\"stk-link stk-button\" href=\"https:\/\/southeastgas.com\/wp-content\/uploads\/Southeast-Alabama-Gas-District-Financial-Statements.pdf\" target=\"_blank\" rel=\"noreferrer noopener\"><span class=\"has-text-color stk-button__inner-text\">Ver el \u00faltimo informe anual<\/span><\/a><\/div>\n<\/div><\/div>\n<\/div><\/div><\/div>\n\n\n\n<div class=\"wp-block-stackable-column stk-block-column stk-column stk-block stk-7536993 stk-entrance\" data-v=\"4\" data-block-id=\"7536993\"><style>.stk-7536993-inner-blocks{align-items:center !important;}.stk-7536993 {border-style:solid !important;border-color:var(--theme-palette-color-1, #46B865) !important;border-top-width:0px !important;border-right-width:1px !important;border-bottom-width:0px !important;border-left-width:1px !important;--entrance-transform:translateY(15px) !important;--entrance-delay:0.3s !important;}@media screen and (max-width:999px){.stk-7536993-container{margin-top:var(--stk--preset--spacing--40, 1rem) !important;margin-right:var(--stk--preset--spacing--40, 1rem) !important;margin-bottom:var(--stk--preset--spacing--40, 1rem) !important;margin-left:var(--stk--preset--spacing--40, 1rem) !important;}}@media screen and (max-width:689px){.stk-7536993 {border-top-width:1px !important;border-right-width:0px !important;border-bottom-width:1px !important;border-left-width:0px !important;}}<\/style><div class=\"stk-column-wrapper stk-block-column__content stk-container stk-7536993-container stk--no-background stk--no-padding\"><div class=\"stk--column-flex stk-block-content stk-inner-blocks stk-7536993-inner-blocks\">\n<div class=\"wp-block-stackable-icon-label aligncenter stk-block-icon-label stk-block stk-5874126 icon-header-center\" data-block-id=\"5874126\"><style>.stk-5874126 .stk-inner-blocks{gap:15px !important;}.stk-5874126 {align-items:center !important;margin-bottom:10px !important;display:flex !important;}<\/style><div class=\"stk-row stk-inner-blocks stk-block-content\">\n<div class=\"wp-block-stackable-icon stk-block-icon has-text-align-left stk-block stk-c92a93a\" data-block-id=\"c92a93a\"><style>.stk-c92a93a .stk--svg-wrapper .stk--inner-svg svg:last-child{height:25px !important;width:25px !important;}.stk-c92a93a .stk--svg-wrapper .stk--inner-svg svg:last-child, .stk-c92a93a .stk--svg-wrapper .stk--inner-svg svg:last-child :is(g, path, rect, polygon, ellipse){fill:url(#linear-gradient-c92a93a) !important;}.stk-c92a93a .stk--svg-wrapper #linear-gradient-c92a93a{transform:rotate(45deg) !important;--linear-gradient-c-92-a-93-a-color-1:var(--theme-palette-color-1, #46B865) !important;--linear-gradient-c-92-a-93-a-color-2:#90c73e !important;}<\/style><span class=\"stk--svg-wrapper\"><div class=\"stk--inner-svg\"><svg style=\"height:0;width:0\"><defs><lineargradient id=\"linear-gradient-c92a93a\" x1=\"0\" x2=\"100%\" y1=\"0\" y2=\"0\"><stop offset=\"0%\" style=\"stop-opacity:1;stop-color:var(--linear-gradient-c-92-a-93-a-color-1)\"><\/stop><stop offset=\"100%\" style=\"stop-opacity:1;stop-color:var(--linear-gradient-c-92-a-93-a-color-2)\"><\/stop><\/lineargradient><\/defs><\/svg><svg class=\"ugb-custom-icon\" id=\"Layer_1-79410\" xmlns=\"http:\/\/www.w3.org\/2000\/svg\" version=\"1.1\" viewbox=\"0 0 27.5 32.1\" aria-hidden=\"true\" width=\"32\" height=\"32\">\n  \n  <defs>\n    <style>\n      .st0 {\n        fill: #231f20;\n      }\n    <\/style>\n  <\/defs>\n  <path id=\"Path_64-79410\" class=\"st0\" d=\"M27.5,9.7v20.6c0,.9-.8,1.7-1.7,1.7H1.7c-.9,0-1.7-.8-1.7-1.7V1.7C0,.8.8,0,1.7,0h16c1.1,0,2.1.5,2.9,1.2l5.6,5.6c.7.8,1.2,1.8,1.2,2.9M25.2,11.5h-7.4c-.9,0-1.7-.8-1.7-1.7V2.3H2.3v27.5h22.9V11.5ZM7.4,13.7h12.6c.3,0,.6.2.6.6,0,0,0,0,0,0v1.1c0,.3-.2.6-.6.6,0,0,0,0,0,0H7.4c-.3,0-.6-.2-.6-.6,0,0,0,0,0,0v-1.1c0-.3.2-.6.6-.6,0,0,0,0,0,0M20.6,18.9v1.1c0,.3-.2.6-.6.6,0,0,0,0,0,0H7.4c-.3,0-.6-.2-.6-.6,0,0,0,0,0,0v-1.1c0-.3.2-.6.6-.6,0,0,0,0,0,0h12.6c.3,0,.6.2.6.6,0,0,0,0,0,0M20.6,23.5v1.1c0,.3-.2.6-.6.6,0,0,0,0,0,0H7.4c-.3,0-.6-.2-.6-.6,0,0,0,0,0,0v-1.1c0-.3.2-.6.6-.6,0,0,0,0,0,0h12.6c.3,0,.6.2.6.6,0,0,0,0,0,0M18.3,9.2h6.7c0-.3-.2-.5-.4-.7l-5.6-5.6c-.2-.2-.5-.3-.7-.4v6.7Z\"\/>\n<\/svg><\/div><\/span><\/div>\n\n\n\n<div class=\"wp-block-stackable-heading stk-block-heading stk-block-heading--v2 stk-block stk-1289a30\" id=\"financial-highlights\" data-block-id=\"1289a30\"><style>.stk-1289a30 .stk-block-heading__text{font-size:23px !important;color:var(--theme-palette-color-8, #ffffff) !important;line-height:1em !important;}@media screen and (max-width:999px){.stk-1289a30 .stk-block-heading__text{font-size:23px !important;}}<\/style><h4 class=\"stk-block-heading__text has-text-color\">Aspectos financieros destacados<\/h4><\/div>\n<\/div><\/div>\n\n\n\n<p class=\"has-palette-color-6-color has-text-color has-link-color wp-elements-b01a178532dcdf518111cea18f824208\" style=\"font-size:clamp(14px, 0.875rem + ((1vw - 3.2px) * 0.313), 18px);line-height:1.3\">Cada a\u00f1o trabajamos para garantizar que Southeast Gas mantenga una s\u00f3lida base financiera, un servicio fiable y unas tarifas competitivas para todos los clientes.<\/p>\n\n\n\n<div class=\"wp-block-stackable-button-group aligncenter stk-block-button-group stk-block stk-7bb26ec\" data-block-id=\"7bb26ec\"><div class=\"stk-row stk-inner-blocks has-text-align-center stk-block-content stk-button-group\">\n<div class=\"wp-block-stackable-button stk-block-button has-text-align-center stk-block stk-1aabab1\" data-block-id=\"1aabab1\"><style>.stk-1aabab1 .stk-button{padding-top:6px !important;padding-right:19px !important;padding-bottom:6px !important;padding-left:19px !important;background:var(--theme-palette-color-6, #B9E5FB) !important;}.stk-1aabab1 .stk-button:hover:after{background:var(--theme-palette-color-1, #46B865) !important;opacity:1 !important;}.stk-1aabab1 .stk-button__inner-text{font-size:15px !important;color:var(--theme-palette-color-4, #082644) !important;line-height:1em !important;font-weight:500 !important;}.stk-1aabab1 .stk-button:hover .stk-button__inner-text{color:var(--theme-palette-color-4, #082644) !important;}@media screen and (max-width:999px){.stk-1aabab1 .stk-button__inner-text{font-size:15px !important;}}<\/style><a aria-label=\"Opens in a new tab\" class=\"stk-link stk-button\" href=\"https:\/\/southeastgas.com\/wp-content\/uploads\/2024-Financial-Highlights.pdf\" target=\"_blank\" rel=\"noreferrer noopener\"><span class=\"has-text-color stk-button__inner-text\"><strong>Ver datos financieros destacados<\/strong><\/span><\/a><\/div>\n<\/div><\/div>\n<\/div><\/div><\/div>\n\n\n\n<div class=\"wp-block-stackable-column stk-block-column stk-column stk-block stk-82ce126 stk-entrance\" data-v=\"4\" data-block-id=\"82ce126\"><style>.stk-82ce126-inner-blocks{align-items:center !important;}.stk-82ce126 {border-style:solid !important;border-color:var(--theme-palette-color-1, #46B865) !important;border-top-width:0px !important;border-right-width:0px !important;border-bottom-width:0px !important;border-left-width:0px !important;--entrance-transform:translateY(15px) !important;--entrance-delay:0.6s !important;}@media screen and (max-width:999px){.stk-82ce126-container{margin-top:var(--stk--preset--spacing--40, 1rem) !important;margin-right:var(--stk--preset--spacing--40, 1rem) !important;margin-bottom:var(--stk--preset--spacing--40, 1rem) !important;margin-left:var(--stk--preset--spacing--40, 1rem) !important;}}@media screen and (max-width:689px){.stk-82ce126 {border-top-width:0px !important;border-right-width:0px !important;border-bottom-width:0px !important;border-left-width:0px !important;}}<\/style><div class=\"stk-column-wrapper stk-block-column__content stk-container stk-82ce126-container stk--no-background stk--no-padding\"><div class=\"stk--column-flex stk-block-content stk-inner-blocks stk-82ce126-inner-blocks\">\n<div class=\"wp-block-stackable-icon-label aligncenter stk-block-icon-label stk-block stk-a7ce6f7 icon-header-center\" data-block-id=\"a7ce6f7\"><style>.stk-a7ce6f7 .stk-inner-blocks{gap:15px !important;}.stk-a7ce6f7 {align-items:center !important;margin-bottom:10px !important;display:flex !important;}<\/style><div class=\"stk-row stk-inner-blocks stk-block-content\">\n<div class=\"wp-block-stackable-icon stk-block-icon has-text-align-left stk-block stk-2640477\" data-block-id=\"2640477\"><style>.stk-2640477 .stk--svg-wrapper .stk--inner-svg svg:last-child{height:25px !important;width:25px !important;}.stk-2640477 .stk--svg-wrapper .stk--inner-svg svg:last-child, .stk-2640477 .stk--svg-wrapper .stk--inner-svg svg:last-child :is(g, path, rect, polygon, ellipse){fill:url(#linear-gradient-2640477) !important;}.stk-2640477 .stk--svg-wrapper #linear-gradient-2640477{transform:rotate(45deg) !important;--linear-gradient-2640477-color-1:var(--theme-palette-color-1, #46B865) !important;--linear-gradient-2640477-color-2:#90c73e !important;}<\/style><span class=\"stk--svg-wrapper\"><div class=\"stk--inner-svg\"><svg style=\"height:0;width:0\"><defs><lineargradient id=\"linear-gradient-2640477\" x1=\"0\" x2=\"100%\" y1=\"0\" y2=\"0\"><stop offset=\"0%\" style=\"stop-opacity:1;stop-color:var(--linear-gradient-2640477-color-1)\"><\/stop><stop offset=\"100%\" style=\"stop-opacity:1;stop-color:var(--linear-gradient-2640477-color-2)\"><\/stop><\/lineargradient><\/defs><\/svg><svg class=\"ugb-custom-icon\" id=\"Layer_1-93192\" xmlns=\"http:\/\/www.w3.org\/2000\/svg\" version=\"1.1\" viewbox=\"0 0 29.8 32.1\" aria-hidden=\"true\" width=\"32\" height=\"32\">\n  \n  <defs>\n    <style>\n      .st0 {\n        fill: #231f20;\n      }\n    <\/style>\n  <\/defs>\n  <path id=\"Path_65-93192\" class=\"st0\" d=\"M29.8,24.6c0,.3-.2.6-.6.6,0,0,0,0,0,0h-1.7v4c0,1.6-1.3,2.9-2.9,2.9H2.9c-1.6,0-2.9-1.3-2.9-2.9V2.9C0,1.3,1.3,0,2.9,0h21.8c1.6,0,2.9,1.3,2.9,2.9v4h1.7c.3,0,.6.2.6.6,0,0,0,0,0,0v3.4c0,.3-.2.6-.6.6,0,0,0,0,0,0h-1.7v2.3h1.7c.3,0,.6.2.6.6,0,0,0,0,0,0v3.4c0,.3-.2.6-.6.6,0,0,0,0,0,0h-1.7v2.3h1.7c.3,0,.6.2.6.6,0,0,0,0,0,0v3.4ZM17.5,15.5c-1,.6-2.3,1.6-3.8,1.6s-2.8-1-3.8-1.6c-3.2,0-4,3.5-4,6.7-.1,1.5,1,2.9,2.5,3,0,0,0,0,0,0h10.3c1.5,0,2.7-1.4,2.6-3,0,0,0,0,0,0,0-3.2-.8-6.7-4-6.7M13.7,6.9c-2.6,0-4.6,2.1-4.6,4.7,0,2.6,2.1,4.6,4.7,4.6,2.6,0,4.6-2.1,4.6-4.6,0-2.6-2.1-4.7-4.7-4.7\"\/>\n<\/svg><\/div><\/span><\/div>\n\n\n\n<div class=\"wp-block-stackable-heading stk-block-heading stk-block-heading--v2 stk-block stk-694aedc\" id=\"latest-new\" data-block-id=\"694aedc\"><style>.stk-694aedc .stk-block-heading__text{font-size:23px !important;color:var(--theme-palette-color-8, #ffffff) !important;line-height:1em !important;}@media screen and (max-width:999px){.stk-694aedc .stk-block-heading__text{font-size:23px !important;}}<\/style><h4 class=\"stk-block-heading__text has-text-color\">\u00daltimas noticias<\/h4><\/div>\n<\/div><\/div>\n\n\n\n<p class=\"has-palette-color-6-color has-text-color has-link-color wp-elements-00f971e2375353d91ce4be5a68d9bb64\" style=\"font-size:clamp(14px, 0.875rem + ((1vw - 3.2px) * 0.313), 18px);line-height:1.3\">Mant\u00e9ngase al d\u00eda de las \u00faltimas noticias, incluidas iniciativas comunitarias, actualizaciones de servicios e historias que ponen de relieve c\u00f3mo impulsamos el crecimiento.<\/p>\n\n\n\n<div class=\"wp-block-stackable-button-group aligncenter stk-block-button-group stk-block stk-4d84424\" data-block-id=\"4d84424\"><div class=\"stk-row stk-inner-blocks has-text-align-center stk-block-content stk-button-group\">\n<div class=\"wp-block-stackable-button stk-block-button has-text-align-center stk-block stk-c5e3a23\" data-block-id=\"c5e3a23\"><style>.stk-c5e3a23 .stk-button{padding-top:6px !important;padding-right:19px !important;padding-bottom:6px !important;padding-left:19px !important;background:var(--theme-palette-color-6, #B9E5FB) !important;}.stk-c5e3a23 .stk-button:hover:after{background:var(--theme-palette-color-1, #46B865) !important;opacity:1 !important;}.stk-c5e3a23 .stk-button__inner-text{font-size:15px !important;color:var(--theme-palette-color-4, #082644) !important;line-height:1em !important;font-weight:500 !important;}.stk-c5e3a23 .stk-button:hover .stk-button__inner-text{color:var(--theme-palette-color-4, #082644) !important;}@media screen and (max-width:999px){.stk-c5e3a23 .stk-button__inner-text{font-size:15px !important;}}<\/style><a class=\"stk-link stk-button\" href=\"https:\/\/southeastgas.com\/es\/news\/\"><span class=\"has-text-color stk-button__inner-text\">Lea nuestras \u00faltimas noticias<\/span><\/a><\/div>\n<\/div><\/div>\n<\/div><\/div><\/div>\n<\/div><\/div>\n<\/div><\/div><\/div>\n<\/div><\/div>\n\n\n\n<p><\/p>","protected":false},"excerpt":{"rendered":"<p>Committed to Transparency and Fiscal Responsibility At Southeast Gas, we take pride in being a financially sound, community-focused utility. Our operations are guided by a commitment to accountability, responsible spending, and long-term sustainability. Because we\u2019re municipally owned, every decision we make supports the cities and customers we serve. That means your energy dollars stay right [&hellip;]<\/p>\n","protected":false},"author":2,"featured_media":0,"parent":49,"menu_order":0,"comment_status":"closed","ping_status":"closed","template":"","meta":{"_acf_changed":false,"footnotes":""},"class_list":["post-296","page","type-page","status-publish","hentry"],"blocksy_meta":[],"acf":[],"aioseo_notices":[],"_links":{"self":[{"href":"https:\/\/southeastgas.com\/es\/wp-json\/wp\/v2\/pages\/296","targetHints":{"allow":["GET"]}}],"collection":[{"href":"https:\/\/southeastgas.com\/es\/wp-json\/wp\/v2\/pages"}],"about":[{"href":"https:\/\/southeastgas.com\/es\/wp-json\/wp\/v2\/types\/page"}],"author":[{"embeddable":true,"href":"https:\/\/southeastgas.com\/es\/wp-json\/wp\/v2\/users\/2"}],"replies":[{"embeddable":true,"href":"https:\/\/southeastgas.com\/es\/wp-json\/wp\/v2\/comments?post=296"}],"version-history":[{"count":12,"href":"https:\/\/southeastgas.com\/es\/wp-json\/wp\/v2\/pages\/296\/revisions"}],"predecessor-version":[{"id":3864,"href":"https:\/\/southeastgas.com\/es\/wp-json\/wp\/v2\/pages\/296\/revisions\/3864"}],"up":[{"embeddable":true,"href":"https:\/\/southeastgas.com\/es\/wp-json\/wp\/v2\/pages\/49"}],"wp:attachment":[{"href":"https:\/\/southeastgas.com\/es\/wp-json\/wp\/v2\/media?parent=296"}],"curies":[{"name":"wp","href":"https:\/\/api.w.org\/{rel}","templated":true}]}}