{"id":288,"date":"2025-08-07T01:58:00","date_gmt":"2025-08-07T01:58:00","guid":{"rendered":"http:\/\/3.23.237.209\/?page_id=288"},"modified":"2025-12-01T18:22:24","modified_gmt":"2025-12-01T18:22:24","slug":"energy-savings-tips","status":"publish","type":"page","link":"https:\/\/southeastgas.com\/es_gt\/residential\/energy-savings-tips\/","title":{"rendered":"Consejos para ahorrar energ\u00eda"},"content":{"rendered":"<div class=\"wp-block-stackable-columns stk-block-columns stk-block stk-19b70d3\" data-block-id=\"19b70d3\"><style>.stk-19b70d3 {margin-bottom:50px !important;}.stk-19b70d3-column{--stk-column-gap:50px !important;}<\/style><div class=\"stk-row stk-inner-blocks stk-block-content stk-content-align stk-19b70d3-column\">\n<div class=\"wp-block-stackable-column stk-block-column stk-column stk-block stk-2a96352 stk-entrance\" data-v=\"4\" data-block-id=\"2a96352\"><style>.stk-2a96352 {align-self:center !important;--entrance-transform:translateX(-50px) !important;}@media screen and (min-width:690px){.stk-2a96352 {flex:var(--stk-flex-grow, 1) 1 calc(58.5% - var(--stk-column-gap, 0px) * 1 \/ 2 ) !important;}}<\/style><div class=\"stk-column-wrapper stk-block-column__content stk-container stk-2a96352-container stk--no-background stk--no-padding\"><div class=\"stk-block-content stk-inner-blocks stk-2a96352-inner-blocks\">\n<h1 class=\"wp-block-heading has-text-align-left\">Formas sencillas de ahorrar energ\u00eda y reducir la factura<\/h1>\n\n\n\n<p>El gas natural ya es una de las fuentes de energ\u00eda m\u00e1s eficientes que existen. Pero con s\u00f3lo unos peque\u00f1os cambios en su hogar, puede estirar a\u00fan m\u00e1s su inversi\u00f3n en energ\u00eda.<\/p>\n<\/div><\/div><\/div>\n\n\n\n<div class=\"wp-block-stackable-column stk-block-column stk-column stk-block stk-5f3a782 stk-entrance\" data-v=\"4\" data-block-id=\"5f3a782\"><style>.stk-5f3a782 {--entrance-transform:translateX(50px) !important;}@media screen and (min-width:690px){.stk-5f3a782 {flex:var(--stk-flex-grow, 1) 1 calc(41.5% - var(--stk-column-gap, 0px) * 1 \/ 2 ) !important;}}<\/style><div class=\"stk-column-wrapper stk-block-column__content stk-container stk-5f3a782-container stk--no-background stk--no-padding\"><div class=\"stk-block-content stk-inner-blocks stk-5f3a782-inner-blocks\">\n<div class=\"wp-block-stackable-columns stk-block-columns stk-block stk-26baef7\" data-block-id=\"26baef7\"><style>.stk-26baef7 {margin-bottom:0px !important;}<\/style><div class=\"stk-row stk-inner-blocks stk-block-content stk-content-align stk-26baef7-column\">\n<div class=\"wp-block-stackable-column stk-block-column stk-column stk-block stk-c1b522a\" data-v=\"4\" data-block-id=\"c1b522a\"><style>.stk-c1b522a-container{margin-top:10px !important;margin-right:10px !important;margin-bottom:10px !important;margin-left:10px !important;}.stk-c1b522a-inner-blocks{align-items:center !important;}.stk-c1b522a {border-top-left-radius:var(--stk--preset--border-radius--small, 4px) !important;border-top-right-radius:var(--stk--preset--border-radius--small, 4px) !important;border-bottom-right-radius:var(--stk--preset--border-radius--small, 4px) !important;border-bottom-left-radius:var(--stk--preset--border-radius--small, 4px) !important;overflow:hidden !important;min-height:13rem !important;align-items:center !important;margin-top:10px !important;display:flex !important;}<\/style><div class=\"stk-column-wrapper stk-block-column__content stk-container stk-c1b522a-container stk--no-background stk--no-padding\"><div class=\"has-text-align-center stk--column-flex stk-block-content stk-inner-blocks stk-c1b522a-inner-blocks\">\n<div class=\"wp-block-stackable-image stk-block-image stk-block stk-0761a23\" data-block-id=\"0761a23\"><style>.stk-0761a23 {border-top-left-radius:var(--stk--preset--border-radius--small, 4px) !important;border-top-right-radius:var(--stk--preset--border-radius--small, 4px) !important;border-bottom-right-radius:var(--stk--preset--border-radius--small, 4px) !important;border-bottom-left-radius:var(--stk--preset--border-radius--small, 4px) !important;overflow:hidden !important;}<\/style><figure><span class=\"stk-img-wrapper stk-image--shape-stretch\"><img loading=\"lazy\" decoding=\"async\" class=\"stk-img wp-image-177\" src=\"https:\/\/southeastgas.com\/wp-content\/uploads\/setting-heat-temp-on-gas-thermostat-1.webp\" width=\"1006\" height=\"1006\" alt=\"one hand adjusting a home smart thermostat while the other hand hold a tablet showing the smart thermostat app on the screen\" srcset=\"https:\/\/southeastgas.com\/wp-content\/uploads\/setting-heat-temp-on-gas-thermostat-1.webp 1006w, https:\/\/southeastgas.com\/wp-content\/uploads\/setting-heat-temp-on-gas-thermostat-1-300x300.webp 300w, https:\/\/southeastgas.com\/wp-content\/uploads\/setting-heat-temp-on-gas-thermostat-1-150x150.webp 150w, https:\/\/southeastgas.com\/wp-content\/uploads\/setting-heat-temp-on-gas-thermostat-1-768x768.webp 768w, https:\/\/southeastgas.com\/wp-content\/uploads\/setting-heat-temp-on-gas-thermostat-1-12x12.webp 12w\" sizes=\"auto, (max-width: 1006px) 100vw, 1006px\" \/><\/span><\/figure><\/div>\n<\/div><\/div><\/div>\n<\/div><\/div>\n<\/div><\/div><\/div>\n<\/div><\/div>\n\n\n\n<div class=\"wp-block-stackable-columns alignfull stk-block-columns stk-block stk-174b8fd stk-block-background stk--has-background-overlay\" data-block-id=\"174b8fd\"><style>.stk-174b8fd .stk--block-align-174b8fd{align-items:flex-start !important;}.stk-174b8fd {background-color:linear-gradient(180deg,rgb(185,229,251) 0%,rgb(255,255,255) 100%) !important;padding-top:50px !important;}.stk-174b8fd:before{background-image:linear-gradient(180deg,rgb(185,229,251) 0%,rgb(255,255,255) 100%) !important;}.stk-174b8fd-column{max-width:1000px !important;min-width:auto !important;--stk-column-gap:50px !important;justify-content:center !important;}<\/style><div class=\"stk-row stk-inner-blocks has-text-align-left stk--block-align-174b8fd stk-block-content stk-content-align stk-174b8fd-column stk--flex\">\n<div class=\"wp-block-stackable-column stk-block-column stk-column stk-block stk-17d4955 stk-entrance\" data-v=\"4\" data-block-id=\"17d4955\"><style>.stk-17d4955 {--entrance-transform:translateY(25px) !important;}<\/style><div class=\"stk-column-wrapper stk-block-column__content stk-container stk-17d4955-container stk--no-background stk--no-padding\"><div class=\"stk-block-content stk-inner-blocks stk-17d4955-inner-blocks\">\n<h2 class=\"wp-block-heading has-text-align-center\">Consejos para ahorrar energ\u00eda<\/h2>\n\n\n\n<div class=\"wp-block-stackable-columns stk-block-columns stk-block stk-3118c99\" data-block-id=\"3118c99\"><style>.stk-3118c99 {margin-bottom:50px !important;}.stk-3118c99-column{--stk-column-gap:50px !important;row-gap:25px !important;}<\/style><div class=\"stk-row stk-inner-blocks stk-block-content stk-content-align stk-3118c99-column\">\n<div class=\"wp-block-stackable-column stk-block-column stk-column stk-block stk-a491e7e stk-entrance\" data-v=\"4\" data-block-id=\"a491e7e\"><style>.stk-a491e7e {--entrance-transform:translateX(-50px) !important;}@media screen and (min-width:690px){.stk-a491e7e {flex:var(--stk-flex-grow, 1) 1 33.3% !important;}}<\/style><div class=\"stk-column-wrapper stk-block-column__content stk-container stk-a491e7e-container stk--no-background stk--no-padding\"><div class=\"stk-block-content stk-inner-blocks stk-a491e7e-inner-blocks\">\n<div class=\"wp-block-stackable-image stk-block-image stk-block stk-833d2e6\" data-block-id=\"833d2e6\"><figure><span class=\"stk-img-wrapper stk-image--shape-stretch\"><img loading=\"lazy\" decoding=\"async\" class=\"stk-img wp-image-2681\" src=\"https:\/\/southeastgas.com\/wp-content\/uploads\/kid-playing-on-rug.webp\" width=\"1080\" height=\"1080\" alt=\"Mother and child playing with toy car on living room rug.\" srcset=\"https:\/\/southeastgas.com\/wp-content\/uploads\/kid-playing-on-rug.webp 1080w, https:\/\/southeastgas.com\/wp-content\/uploads\/kid-playing-on-rug-300x300.webp 300w, https:\/\/southeastgas.com\/wp-content\/uploads\/kid-playing-on-rug-1024x1024.webp 1024w, https:\/\/southeastgas.com\/wp-content\/uploads\/kid-playing-on-rug-150x150.webp 150w, https:\/\/southeastgas.com\/wp-content\/uploads\/kid-playing-on-rug-768x768.webp 768w, https:\/\/southeastgas.com\/wp-content\/uploads\/kid-playing-on-rug-12x12.webp 12w\" sizes=\"auto, (max-width: 1080px) 100vw, 1080px\" \/><\/span><\/figure><\/div>\n<\/div><\/div><\/div>\n\n\n\n<div class=\"wp-block-stackable-column stk-block-column stk-column stk-block stk-8a99bc6 stk-entrance\" data-v=\"4\" data-block-id=\"8a99bc6\"><style>.stk-8a99bc6 {--entrance-transform:translateX(50px) !important;}@media screen and (min-width:690px){.stk-8a99bc6 {flex:var(--stk-flex-grow, 1) 1 66.7% !important;}}<\/style><div class=\"stk-column-wrapper stk-block-column__content stk-container stk-8a99bc6-container stk--no-background stk--no-padding\"><div class=\"stk-block-content stk-inner-blocks stk-8a99bc6-inner-blocks\">\n<h3 class=\"wp-block-heading\">Mant\u00e9n el calor<\/h3>\n\n\n\n<ul class=\"wp-block-list\">\n<li>A\u00f1ada o mejore el aislamiento del \u00e1tico y las paredes.<\/li>\n\n\n\n<li>Selle los huecos alrededor de puertas, ventanas y respiraderos.<\/li>\n\n\n\n<li>Utiliza alfombras o moquetas para cubrir los suelos desnudos y ayudar a retener el calor.<\/li>\n\n\n\n<li>Abre las cortinas durante el d\u00eda para que entre la luz natural y ci\u00e9rralas por la noche para mantener el calor en el interior.<\/li>\n\n\n\n<li>Aseg\u00farese de que los muebles, alfombras o cortinas no obstruyan las salidas o retornos de aire.<\/li>\n<\/ul>\n<\/div><\/div><\/div>\n<\/div><\/div>\n\n\n\n<div class=\"wp-block-stackable-columns stk-block-columns stk-block stk-49601c1\" data-block-id=\"49601c1\"><style>.stk-49601c1 {margin-bottom:50px !important;}.stk-49601c1-column{--stk-column-gap:50px !important;row-gap:25px !important;}<\/style><div class=\"stk-row stk-inner-blocks stk-block-content stk-content-align stk-49601c1-column\">\n<div class=\"wp-block-stackable-column stk-block-column stk-column stk-block stk-33c3cfb stk-entrance\" data-v=\"4\" data-block-id=\"33c3cfb\"><style>.stk-33c3cfb {--entrance-transform:translateX(-50px) !important;}@media screen and (min-width:690px){.stk-33c3cfb {flex:var(--stk-flex-grow, 1) 1 33.3% !important;}}<\/style><div class=\"stk-column-wrapper stk-block-column__content stk-container stk-33c3cfb-container stk--no-background stk--no-padding\"><div class=\"stk-block-content stk-inner-blocks stk-33c3cfb-inner-blocks\">\n<div class=\"wp-block-stackable-image stk-block-image stk-block stk-e61c416\" data-block-id=\"e61c416\"><figure><span class=\"stk-img-wrapper stk-image--shape-stretch\"><img loading=\"lazy\" decoding=\"async\" class=\"stk-img wp-image-2682\" src=\"https:\/\/southeastgas.com\/wp-content\/uploads\/programmable-thermostat.webp\" width=\"1080\" height=\"1080\" alt=\"Hand holding smartphone showing smart thermostat set to 72 degrees.\" srcset=\"https:\/\/southeastgas.com\/wp-content\/uploads\/programmable-thermostat.webp 1080w, https:\/\/southeastgas.com\/wp-content\/uploads\/programmable-thermostat-300x300.webp 300w, https:\/\/southeastgas.com\/wp-content\/uploads\/programmable-thermostat-1024x1024.webp 1024w, https:\/\/southeastgas.com\/wp-content\/uploads\/programmable-thermostat-150x150.webp 150w, https:\/\/southeastgas.com\/wp-content\/uploads\/programmable-thermostat-768x768.webp 768w, https:\/\/southeastgas.com\/wp-content\/uploads\/programmable-thermostat-12x12.webp 12w\" sizes=\"auto, (max-width: 1080px) 100vw, 1080px\" \/><\/span><\/figure><\/div>\n<\/div><\/div><\/div>\n\n\n\n<div class=\"wp-block-stackable-column stk-block-column stk-column stk-block stk-cb3cad9 stk-entrance\" data-v=\"4\" data-block-id=\"cb3cad9\"><style>.stk-cb3cad9 {--entrance-transform:translateX(50px) !important;}@media screen and (min-width:690px){.stk-cb3cad9 {flex:var(--stk-flex-grow, 1) 1 66.7% !important;}}<\/style><div class=\"stk-column-wrapper stk-block-column__content stk-container stk-cb3cad9-container stk--no-background stk--no-padding\"><div class=\"stk-block-content stk-inner-blocks stk-cb3cad9-inner-blocks\">\n<h3 class=\"wp-block-heading\"><strong>Utiliza el termostato con prudencia<\/strong><\/h3>\n\n\n\n<ul class=\"wp-block-list\">\n<li>Baja el termostato cuando est\u00e9s fuera o durmiendo.<\/li>\n\n\n\n<li>Mantenga su casa en el nivel m\u00e1s bajo de confort en invierno.<\/li>\n\n\n\n<li>Instale un termostato programable para automatizar los ajustes de ahorro de energ\u00eda.<\/li>\n<\/ul>\n<\/div><\/div><\/div>\n<\/div><\/div>\n\n\n\n<div class=\"wp-block-stackable-columns stk-block-columns stk-block stk-ea5c8cb\" data-block-id=\"ea5c8cb\"><style>.stk-ea5c8cb {margin-bottom:50px !important;}.stk-ea5c8cb-column{--stk-column-gap:50px !important;row-gap:25px !important;}<\/style><div class=\"stk-row stk-inner-blocks stk-block-content stk-content-align stk-ea5c8cb-column\">\n<div class=\"wp-block-stackable-column stk-block-column stk-column stk-block stk-d6decb2 stk-entrance\" data-v=\"4\" data-block-id=\"d6decb2\"><style>.stk-d6decb2 {--entrance-transform:translateX(-50px) !important;}@media screen and (min-width:690px){.stk-d6decb2 {flex:var(--stk-flex-grow, 1) 1 33.3% !important;}}<\/style><div class=\"stk-column-wrapper stk-block-column__content stk-container stk-d6decb2-container stk--no-background stk--no-padding\"><div class=\"stk-block-content stk-inner-blocks stk-d6decb2-inner-blocks\">\n<div class=\"wp-block-stackable-image stk-block-image stk-block stk-5fd0291\" data-block-id=\"5fd0291\"><figure><span class=\"stk-img-wrapper stk-image--shape-stretch\"><img loading=\"lazy\" decoding=\"async\" class=\"stk-img wp-image-2680\" src=\"https:\/\/southeastgas.com\/wp-content\/uploads\/empty-dryer-lint-trap.webp\" width=\"1080\" height=\"1080\" alt=\"Hand removing lint trap from front-loading dryer.\" srcset=\"https:\/\/southeastgas.com\/wp-content\/uploads\/empty-dryer-lint-trap.webp 1080w, https:\/\/southeastgas.com\/wp-content\/uploads\/empty-dryer-lint-trap-300x300.webp 300w, https:\/\/southeastgas.com\/wp-content\/uploads\/empty-dryer-lint-trap-1024x1024.webp 1024w, https:\/\/southeastgas.com\/wp-content\/uploads\/empty-dryer-lint-trap-150x150.webp 150w, https:\/\/southeastgas.com\/wp-content\/uploads\/empty-dryer-lint-trap-768x768.webp 768w, https:\/\/southeastgas.com\/wp-content\/uploads\/empty-dryer-lint-trap-12x12.webp 12w\" sizes=\"auto, (max-width: 1080px) 100vw, 1080px\" \/><\/span><\/figure><\/div>\n<\/div><\/div><\/div>\n\n\n\n<div class=\"wp-block-stackable-column stk-block-column stk-column stk-block stk-8f3e34c stk-entrance\" data-v=\"4\" data-block-id=\"8f3e34c\"><style>.stk-8f3e34c {--entrance-transform:translateX(50px) !important;}@media screen and (min-width:690px){.stk-8f3e34c {flex:var(--stk-flex-grow, 1) 1 66.7% !important;}}<\/style><div class=\"stk-column-wrapper stk-block-column__content stk-container stk-8f3e34c-container stk--no-background stk--no-padding\"><div class=\"stk-block-content stk-inner-blocks stk-8f3e34c-inner-blocks\">\n<h3 class=\"wp-block-heading\"><strong>Mantenga su sistema de calefacci\u00f3n y sus electrodom\u00e9sticos<\/strong><\/h3>\n\n\n\n<ul class=\"wp-block-list\">\n<li>Cambie regularmente los filtros del horno.<\/li>\n\n\n\n<li>Programe revisiones estacionales de HVAC.<\/li>\n\n\n\n<li>A\u00edsle las tuber\u00edas expuestas para reducir la p\u00e9rdida de calor.<\/li>\n\n\n\n<li>Limpie la rejilla de pelusa de su secadora despu\u00e9s de cada uso para mejorar el flujo de aire.<\/li>\n\n\n\n<li>Sustituya los electrodom\u00e9sticos antiguos por modelos de gas natural energ\u00e9ticamente eficientes.<\/li>\n<\/ul>\n<\/div><\/div><\/div>\n<\/div><\/div>\n\n\n\n<div class=\"wp-block-stackable-columns stk-block-columns stk-block stk-850cead\" data-block-id=\"850cead\"><style>.stk-850cead {margin-bottom:50px !important;}.stk-850cead-column{--stk-column-gap:50px !important;row-gap:25px !important;}<\/style><div class=\"stk-row stk-inner-blocks stk-block-content stk-content-align stk-850cead-column\">\n<div class=\"wp-block-stackable-column stk-block-column stk-column stk-block stk-32ffe10 stk-entrance\" data-v=\"4\" data-block-id=\"32ffe10\"><style>.stk-32ffe10 {--entrance-transform:translateX(-50px) !important;}@media screen and (min-width:690px){.stk-32ffe10 {flex:var(--stk-flex-grow, 1) 1 33.3% !important;}}<\/style><div class=\"stk-column-wrapper stk-block-column__content stk-container stk-32ffe10-container stk--no-background stk--no-padding\"><div class=\"stk-block-content stk-inner-blocks stk-32ffe10-inner-blocks\">\n<div class=\"wp-block-stackable-image stk-block-image stk-block stk-313d87f\" data-block-id=\"313d87f\"><figure><span class=\"stk-img-wrapper stk-image--shape-stretch\"><img loading=\"lazy\" decoding=\"async\" class=\"stk-img wp-image-2683\" src=\"https:\/\/southeastgas.com\/wp-content\/uploads\/unload-dishwasher.webp\" width=\"1080\" height=\"1080\" alt=\"Person unloading clean dishes and silverware from dishwasher.\" srcset=\"https:\/\/southeastgas.com\/wp-content\/uploads\/unload-dishwasher.webp 1080w, https:\/\/southeastgas.com\/wp-content\/uploads\/unload-dishwasher-300x300.webp 300w, https:\/\/southeastgas.com\/wp-content\/uploads\/unload-dishwasher-1024x1024.webp 1024w, https:\/\/southeastgas.com\/wp-content\/uploads\/unload-dishwasher-150x150.webp 150w, https:\/\/southeastgas.com\/wp-content\/uploads\/unload-dishwasher-768x768.webp 768w, https:\/\/southeastgas.com\/wp-content\/uploads\/unload-dishwasher-12x12.webp 12w\" sizes=\"auto, (max-width: 1080px) 100vw, 1080px\" \/><\/span><\/figure><\/div>\n<\/div><\/div><\/div>\n\n\n\n<div class=\"wp-block-stackable-column stk-block-column stk-column stk-block stk-11c184a stk-entrance\" data-v=\"4\" data-block-id=\"11c184a\"><style>.stk-11c184a {--entrance-transform:translateX(50px) !important;}@media screen and (min-width:690px){.stk-11c184a {flex:var(--stk-flex-grow, 1) 1 66.7% !important;}}<\/style><div class=\"stk-column-wrapper stk-block-column__content stk-container stk-11c184a-container stk--no-background stk--no-padding\"><div class=\"stk-block-content stk-inner-blocks stk-11c184a-inner-blocks\">\n<h3 class=\"wp-block-heading\"><strong>Utilizar el agua caliente de forma m\u00e1s eficiente<\/strong><\/h3>\n\n\n\n<ul class=\"wp-block-list\">\n<li>Ajuste la temperatura de su calentador de agua a 120 \u00b0F.<\/li>\n\n\n\n<li>Toma duchas m\u00e1s cortas.<\/li>\n\n\n\n<li>Lave la ropa en agua fr\u00eda siempre que sea posible.<\/li>\n\n\n\n<li>Utiliza s\u00f3lo cargas completas en el lavavajillas y la lavadora.<\/li>\n\n\n\n<li>Tapa las ollas cuando hiervas el agua para mantener el calor.<\/li>\n<\/ul>\n<\/div><\/div><\/div>\n<\/div><\/div>\n\n\n\n<p><strong>\u00bfQuiere un asesoramiento m\u00e1s personalizado? <\/strong><a href=\"https:\/\/southeastgas.com\/es_gt\/contact\/\" type=\"page\" id=\"35\">P\u00f3ngase en contacto con nosotros<\/a> para informarse sobre auditor\u00edas energ\u00e9ticas, actualizaciones de electrodom\u00e9sticos y formas de ahorrar m\u00e1s con el gas natural.<\/p>\n\n\n\n<div class=\"wp-block-buttons is-layout-flex wp-block-buttons-is-layout-flex\">\n<div class=\"wp-block-button\"><a class=\"wp-block-button__link wp-element-button\" href=\"https:\/\/southeastgas.com\/es_gt\/contact\/\">Contacte con nosotros<\/a><\/div>\n\n\n\n<div class=\"wp-block-button\"><a class=\"wp-block-button__link wp-element-button\" href=\"https:\/\/southeastgas.com\/es_gt\/residential\/appliances\/\">M\u00e1s informaci\u00f3n sobre electrodom\u00e9sticos<\/a><\/div>\n<\/div>\n<\/div><\/div><\/div>\n<\/div><\/div>\n\n\n\n<p><\/p>","protected":false},"excerpt":{"rendered":"<p>Simple Ways to Save Energy\u2014and Lower Your Bill Natural gas is already one of the most efficient energy sources available. But with just a few small changes around your home, you can stretch your energy dollars even further. Energy Saving Tips Keep the Warmth In Use Your Thermostat Wisely Maintain Your Heating System and Appliances [&hellip;]<\/p>\n","protected":false},"author":2,"featured_media":0,"parent":39,"menu_order":0,"comment_status":"closed","ping_status":"closed","template":"","meta":{"_acf_changed":false,"footnotes":""},"class_list":["post-288","page","type-page","status-publish","hentry"],"blocksy_meta":[],"acf":[],"aioseo_notices":[],"_links":{"self":[{"href":"https:\/\/southeastgas.com\/es_gt\/wp-json\/wp\/v2\/pages\/288","targetHints":{"allow":["GET"]}}],"collection":[{"href":"https:\/\/southeastgas.com\/es_gt\/wp-json\/wp\/v2\/pages"}],"about":[{"href":"https:\/\/southeastgas.com\/es_gt\/wp-json\/wp\/v2\/types\/page"}],"author":[{"embeddable":true,"href":"https:\/\/southeastgas.com\/es_gt\/wp-json\/wp\/v2\/users\/2"}],"replies":[{"embeddable":true,"href":"https:\/\/southeastgas.com\/es_gt\/wp-json\/wp\/v2\/comments?post=288"}],"version-history":[{"count":14,"href":"https:\/\/southeastgas.com\/es_gt\/wp-json\/wp\/v2\/pages\/288\/revisions"}],"predecessor-version":[{"id":3109,"href":"https:\/\/southeastgas.com\/es_gt\/wp-json\/wp\/v2\/pages\/288\/revisions\/3109"}],"up":[{"embeddable":true,"href":"https:\/\/southeastgas.com\/es_gt\/wp-json\/wp\/v2\/pages\/39"}],"wp:attachment":[{"href":"https:\/\/southeastgas.com\/es_gt\/wp-json\/wp\/v2\/media?parent=288"}],"curies":[{"name":"wp","href":"https:\/\/api.w.org\/{rel}","templated":true}]}}