{"id":471,"date":"2025-08-18T18:23:48","date_gmt":"2025-08-18T18:23:48","guid":{"rendered":"http:\/\/3.23.237.209\/?page_id=471"},"modified":"2025-12-01T17:50:13","modified_gmt":"2025-12-01T17:50:13","slug":"careers","status":"publish","type":"page","link":"https:\/\/southeastgas.com\/es_gt\/about-us\/careers\/","title":{"rendered":"Carreras profesionales"},"content":{"rendered":"<div class=\"wp-block-stackable-columns stk-block-columns stk-block stk-06ff370\" data-block-id=\"06ff370\"><style>.stk-06ff370 {margin-bottom:50px !important;}.stk-06ff370-column{--stk-column-gap:50px !important;}<\/style><div class=\"stk-row stk-inner-blocks stk-block-content stk-content-align stk-06ff370-column\">\n<div class=\"wp-block-stackable-column stk-block-column stk-column stk-block stk-7a33d94 stk-entrance\" data-v=\"4\" data-block-id=\"7a33d94\"><style>.stk-7a33d94 {align-self:center !important;--entrance-transform:translateX(-50px) !important;}@media screen and (min-width:690px){.stk-7a33d94 {flex:var(--stk-flex-grow, 1) 1 calc(58.5% - var(--stk-column-gap, 0px) * 1 \/ 2 ) !important;}}<\/style><div class=\"stk-column-wrapper stk-block-column__content stk-container stk-7a33d94-container stk--no-background stk--no-padding\"><div class=\"stk-block-content stk-inner-blocks stk-7a33d94-inner-blocks\">\n<h1 class=\"wp-block-heading has-text-align-left\">\u00danase al equipo de Southeast Gas<\/h1>\n\n\n\n<p>A career with Southeast Gas combines purpose with opportunity. We offer careers that&nbsp;support families, strengthen communities, and build a better future for Southeast Alabama. Here, you will find opportunities to grow&nbsp;and a culture guided by our vision to SERVE.&nbsp;Take a look at our open positions and see how you can make a difference.<\/p>\n<\/div><\/div><\/div>\n\n\n\n<div class=\"wp-block-stackable-column stk-block-column stk-column stk-block stk-edf5d09 stk-entrance\" data-v=\"4\" data-block-id=\"edf5d09\"><style>.stk-edf5d09 {--entrance-transform:translateX(50px) !important;}@media screen and (min-width:690px){.stk-edf5d09 {flex:var(--stk-flex-grow, 1) 1 calc(41.5% - var(--stk-column-gap, 0px) * 1 \/ 2 ) !important;}}<\/style><div class=\"stk-column-wrapper stk-block-column__content stk-container stk-edf5d09-container stk--no-background stk--no-padding\"><div class=\"stk-block-content stk-inner-blocks stk-edf5d09-inner-blocks\">\n<div class=\"wp-block-stackable-columns stk-block-columns stk-block stk-329c5cb\" data-block-id=\"329c5cb\"><style>.stk-329c5cb {margin-bottom:0px !important;}<\/style><div class=\"stk-row stk-inner-blocks stk-block-content stk-content-align stk-329c5cb-column\">\n<div class=\"wp-block-stackable-column stk-block-column stk-column stk-block stk-6ecc2b9\" data-v=\"4\" data-block-id=\"6ecc2b9\"><style>.stk-6ecc2b9-container{margin-top:10px !important;margin-right:10px !important;margin-bottom:10px !important;margin-left:10px !important;}.stk-6ecc2b9-inner-blocks{align-items:center !important;}.stk-6ecc2b9 {border-top-left-radius:var(--stk--preset--border-radius--small, 4px) !important;border-top-right-radius:var(--stk--preset--border-radius--small, 4px) !important;border-bottom-right-radius:var(--stk--preset--border-radius--small, 4px) !important;border-bottom-left-radius:var(--stk--preset--border-radius--small, 4px) !important;overflow:hidden !important;min-height:13rem !important;align-items:center !important;margin-top:10px !important;display:flex !important;}<\/style><div class=\"stk-column-wrapper stk-block-column__content stk-container stk-6ecc2b9-container stk--no-background stk--no-padding\"><div class=\"has-text-align-center stk--column-flex stk-block-content stk-inner-blocks stk-6ecc2b9-inner-blocks\">\n<div class=\"wp-block-stackable-image stk-block-image stk-block stk-a5d52f5\" data-block-id=\"a5d52f5\"><style>.stk-a5d52f5 {border-top-left-radius:var(--stk--preset--border-radius--small, 4px) !important;border-top-right-radius:var(--stk--preset--border-radius--small, 4px) !important;border-bottom-right-radius:var(--stk--preset--border-radius--small, 4px) !important;border-bottom-left-radius:var(--stk--preset--border-radius--small, 4px) !important;overflow:hidden !important;}.stk-a5d52f5 .stk-img-wrapper{width:100% !important;height:300px !important;}<\/style><figure><span class=\"stk-img-wrapper stk-image--shape-stretch\"><img loading=\"lazy\" decoding=\"async\" class=\"stk-img wp-image-1359\" src=\"https:\/\/southeastgas.com\/wp-content\/uploads\/Field-Work2.webp\" width=\"2000\" height=\"1109\" alt=\"Southeast Gas crew installing natural gas pipeline in residential neighborhood.\" srcset=\"https:\/\/southeastgas.com\/wp-content\/uploads\/Field-Work2.webp 2000w, https:\/\/southeastgas.com\/wp-content\/uploads\/Field-Work2-300x166.webp 300w, https:\/\/southeastgas.com\/wp-content\/uploads\/Field-Work2-1024x568.webp 1024w, https:\/\/southeastgas.com\/wp-content\/uploads\/Field-Work2-768x426.webp 768w, https:\/\/southeastgas.com\/wp-content\/uploads\/Field-Work2-1536x852.webp 1536w, https:\/\/southeastgas.com\/wp-content\/uploads\/Field-Work2-18x10.webp 18w\" sizes=\"auto, (max-width: 2000px) 100vw, 2000px\" \/><\/span><\/figure><\/div>\n<\/div><\/div><\/div>\n<\/div><\/div>\n<\/div><\/div><\/div>\n<\/div><\/div>\n\n\n\n<div class=\"wp-block-stackable-columns alignfull stk-block-columns stk-block stk-174b8fd stk-block-background stk--has-background-overlay\" data-block-id=\"174b8fd\"><style>.stk-174b8fd .stk--block-align-174b8fd{align-items:flex-start !important;}.stk-174b8fd {background-color:linear-gradient(180deg,rgb(185,229,251) 0%,rgb(255,255,255) 100%) !important;padding-top:50px !important;}.stk-174b8fd:before{background-image:linear-gradient(180deg,rgb(185,229,251) 0%,rgb(255,255,255) 100%) !important;}.stk-174b8fd-column{max-width:1000px !important;min-width:auto !important;--stk-column-gap:50px !important;justify-content:center !important;}<\/style><div class=\"stk-row stk-inner-blocks has-text-align-left stk--block-align-174b8fd stk-block-content stk-content-align stk-174b8fd-column stk--flex\">\n<div class=\"wp-block-stackable-column stk-block-column stk-column stk-block stk-17d4955 stk-entrance\" data-v=\"4\" data-block-id=\"17d4955\"><style>.stk-17d4955 {--entrance-transform:translateY(25px) !important;}<\/style><div class=\"stk-column-wrapper stk-block-column__content stk-container stk-17d4955-container stk--no-background stk--no-padding\"><div class=\"stk-block-content stk-inner-blocks stk-17d4955-inner-blocks\">\n<div class=\"wp-block-stackable-columns stk-block-columns stk-block stk-8bae0dc\" data-block-id=\"8bae0dc\"><div class=\"stk-row stk-inner-blocks stk-block-content stk-content-align stk-8bae0dc-column\">\n<div class=\"wp-block-stackable-column stk-block-column stk-column stk-block stk-51508b3 stk-entrance\" data-v=\"4\" data-block-id=\"51508b3\"><style>.stk-51508b3 {--entrance-transform:translateX(-50px) !important;}<\/style><div class=\"stk-column-wrapper stk-block-column__content stk-container stk-51508b3-container stk--no-background stk--no-padding\"><div class=\"stk-block-content stk-inner-blocks stk-51508b3-inner-blocks\">\n<h2 class=\"wp-block-heading\">Misi\u00f3n<\/h2>\n\n\n\n<p>Proporcionar energ\u00eda y oportunidades de crecimiento a trav\u00e9s del liderazgo de servicio.<\/p>\n\n\n\n<h2 class=\"wp-block-heading\">Visi\u00f3n: SERVIR<\/h2>\n\n\n\n<p>Vivimos nuestra misi\u00f3n cada d\u00eda centr\u00e1ndonos en lo que significa SERVIR:<\/p>\n\n\n\n<ul class=\"wp-block-list\">\n<li>Seguridad<\/li>\n\n\n\n<li>Energ\u00eda<\/li>\n\n\n\n<li>Fiabilidad<\/li>\n\n\n\n<li>Valor<\/li>\n\n\n\n<li>Compromiso<\/li>\n<\/ul>\n<\/div><\/div><\/div>\n\n\n\n<div class=\"wp-block-stackable-column stk-block-column stk-column stk-block stk-2dd0178 stk-entrance\" data-v=\"4\" data-block-id=\"2dd0178\"><style>.stk-2dd0178 {--entrance-transform:translateX(50px) !important;}<\/style><div class=\"stk-column-wrapper stk-block-column__content stk-container stk-2dd0178-container stk--no-background stk--no-padding\"><div class=\"stk-block-content stk-inner-blocks stk-2dd0178-inner-blocks\">\n<h2 class=\"wp-block-heading\">Valores<\/h2>\n\n\n\n<p>En Southeast Gas, nuestra gente es el coraz\u00f3n de nuestra organizaci\u00f3n y nuestros valores gu\u00edan todo lo que hacemos. Estamos comprometidos con:<\/p>\n\n\n\n<ul class=\"wp-block-list\">\n<li><strong>Integridad<\/strong>: Hacer siempre lo correcto, de la manera correcta, con o sin p\u00fablico.<\/li>\n\n\n\n<li><strong>Respetar<\/strong>: El honor que nos damos libremente los unos a los otros.<\/li>\n\n\n\n<li><strong>Lealtad<\/strong>: Compromiso demostrado por nuestra fidelidad al servicio.<\/li>\n\n\n\n<li><strong>Honestidad<\/strong>: Intrepidez en la transparencia y la verdad.<\/li>\n\n\n\n<li><strong>Otros<\/strong>: Poner a los que servimos y con los que servimos por delante de nosotros mismos.<\/li>\n<\/ul>\n\n\n\n<p>Estos valores crean una base s\u00f3lida tanto para nuestro equipo interno como para los clientes a los que servimos.<\/p>\n<\/div><\/div><\/div>\n<\/div><\/div>\n\n\n\n<h2 class=\"wp-block-heading\">Igualdad de oportunidades en el empleo<\/h2>\n\n\n\n<p>Southeast Gas es una empresa que ofrece igualdad de oportunidades de empleo. Garantizamos la igualdad de oportunidades para todos los solicitantes y empleados sin tener en cuenta: Raza, color, religi\u00f3n, sexo, orientaci\u00f3n sexual, identidad de g\u00e9nero, origen nacional, edad, discapacidad, condici\u00f3n de veterano protegido o cualquier otra caracter\u00edstica protegida.<\/p>\n\n\n\n<ul class=\"wp-block-list\">\n<li><a href=\"https:\/\/southeastgas.com\/wp-content\/uploads\/2022-EEO-Document-Signed.pdf\" target=\"_blank\" rel=\"noopener\" title=\"\">Pol\u00edtica EEO<\/a><\/li>\n\n\n\n<li><a href=\"https:\/\/southeastgas.com\/wp-content\/uploads\/EEO-is-the-Law-Poster.pdf\" target=\"_blank\" rel=\"noopener\" title=\"\">EEO y la ley<\/a><\/li>\n\n\n\n<li><a href=\"https:\/\/southeastgas.com\/wp-content\/uploads\/EEO-is-the-Law-Poster-Supplement.pdf\" target=\"_blank\" rel=\"noopener\" title=\"\">Suplemento EEO y la ley<\/a><\/li>\n<\/ul>\n\n\n\n<h2 class=\"wp-block-heading\">Puestos vacantes<\/h2>\n\n\n\n<p>Siempre estamos buscando personas apasionadas y con vocaci\u00f3n de servicio para unirse a nuestro equipo. Si est\u00e1 listo para hacer crecer su carrera y dejar huella, explore nuestras oportunidades disponibles.<\/p>\n\n\n\n<p>\u00bfNecesita ayuda? Si necesita un alojamiento razonable debido a una discapacidad y no puede completar el proceso de solicitud en l\u00ednea, env\u00edenos un correo electr\u00f3nico a: <a href=\"mailto:corporateservices@southeastgas.com\">corporateservices@southeastgas.com<\/a>. Estaremos encantados de ayudarle.<\/p>\n\n\n\n<h3 class=\"wp-block-heading\">Ver puestos vacantes<\/h3>\n<\/div><\/div><\/div>\n<\/div><\/div>\n\n\n\n<div class=\"wp-block-stackable-columns stk-block-columns stk-block stk-1e9f557\" data-block-id=\"1e9f557\"><style>.stk-1e9f557-column{max-width:1000px !important;min-width:auto !important;}<\/style><div class=\"stk-row stk-inner-blocks stk-block-content stk-content-align stk-1e9f557-column\">\n<div class=\"wp-block-stackable-column stk-block-column stk-column stk-block stk-5d9b2ec\" data-v=\"4\" data-block-id=\"5d9b2ec\"><div class=\"stk-column-wrapper stk-block-column__content stk-container stk-5d9b2ec-container stk--no-background stk--no-padding\"><div class=\"stk-block-content stk-inner-blocks stk-5d9b2ec-inner-blocks\">\n<iframe loading=\"lazy\" src=\"https:\/\/prd01-hcm01.prd.mykronos.com\/ta\/6173503.careers?CareersSearch=&#038;InFrameset=1&#038;HostedBy=southeastgas.com\" align-\"middle\" width=\"100%\" height=\"900\" frameborder=\"0\">\n<\/iframe>\n<\/div><\/div><\/div>\n<\/div><\/div>","protected":false},"excerpt":{"rendered":"<p>Join the Southeast Gas Team A career with Southeast Gas combines purpose with opportunity. We offer careers that&nbsp;support families, strengthen communities, and build a better future for Southeast Alabama. Here, you will find opportunities to grow&nbsp;and a culture guided by our vision to SERVE.&nbsp;Take a look at our open positions and see how you can [&hellip;]<\/p>\n","protected":false},"author":2,"featured_media":0,"parent":49,"menu_order":0,"comment_status":"closed","ping_status":"closed","template":"","meta":{"_acf_changed":false,"footnotes":""},"class_list":["post-471","page","type-page","status-publish","hentry"],"blocksy_meta":[],"acf":[],"aioseo_notices":[],"_links":{"self":[{"href":"https:\/\/southeastgas.com\/es_gt\/wp-json\/wp\/v2\/pages\/471","targetHints":{"allow":["GET"]}}],"collection":[{"href":"https:\/\/southeastgas.com\/es_gt\/wp-json\/wp\/v2\/pages"}],"about":[{"href":"https:\/\/southeastgas.com\/es_gt\/wp-json\/wp\/v2\/types\/page"}],"author":[{"embeddable":true,"href":"https:\/\/southeastgas.com\/es_gt\/wp-json\/wp\/v2\/users\/2"}],"replies":[{"embeddable":true,"href":"https:\/\/southeastgas.com\/es_gt\/wp-json\/wp\/v2\/comments?post=471"}],"version-history":[{"count":21,"href":"https:\/\/southeastgas.com\/es_gt\/wp-json\/wp\/v2\/pages\/471\/revisions"}],"predecessor-version":[{"id":3083,"href":"https:\/\/southeastgas.com\/es_gt\/wp-json\/wp\/v2\/pages\/471\/revisions\/3083"}],"up":[{"embeddable":true,"href":"https:\/\/southeastgas.com\/es_gt\/wp-json\/wp\/v2\/pages\/49"}],"wp:attachment":[{"href":"https:\/\/southeastgas.com\/es_gt\/wp-json\/wp\/v2\/media?parent=471"}],"curies":[{"name":"wp","href":"https:\/\/api.w.org\/{rel}","templated":true}]}}