{"id":677,"date":"2025-08-19T17:45:59","date_gmt":"2025-08-19T17:45:59","guid":{"rendered":"http:\/\/3.23.237.209\/?page_id=677"},"modified":"2025-09-18T18:07:59","modified_gmt":"2025-09-18T18:07:59","slug":"history","status":"publish","type":"page","link":"https:\/\/southeastgas.com\/es_gt\/about-us\/history\/","title":{"rendered":"Historia"},"content":{"rendered":"<div class=\"wp-block-stackable-columns stk-block-columns stk-block stk-06ff370\" data-block-id=\"06ff370\"><style>.stk-06ff370 {margin-bottom:50px !important;}.stk-06ff370-column{--stk-column-gap:50px !important;row-gap:25px !important;}<\/style><div class=\"stk-row stk-inner-blocks stk-block-content stk-content-align stk-06ff370-column\">\n<div class=\"wp-block-stackable-column stk-block-column stk-column stk-block stk-7a33d94 stk-entrance\" data-v=\"4\" data-block-id=\"7a33d94\"><style>.stk-7a33d94 {--entrance-transform:translateX(-50px) !important;}@media screen and (min-width:690px){.stk-7a33d94 {flex:var(--stk-flex-grow, 1) 1 calc(58.5% - var(--stk-column-gap, 0px) * 1 \/ 2 ) !important;}}<\/style><div class=\"stk-column-wrapper stk-block-column__content stk-container stk-7a33d94-container stk--no-background stk--no-padding\"><div class=\"stk-block-content stk-inner-blocks stk-7a33d94-inner-blocks\">\n<h1 class=\"wp-block-heading has-text-align-left\">Nuestra historia<\/h1>\n\n\n\n<p>Southeast Gas se fund\u00f3 en 1952 para llevar el servicio de gas natural al sureste de Alabama. Lo que comenz\u00f3 como una visi\u00f3n compartida entre 14 ciudades se ha convertido en uno de los mayores sistemas municipales de gas natural del pa\u00eds, que presta servicio a m\u00e1s de 32.000 clientes en 36 comunidades de toda la regi\u00f3n. Desde el principio, nuestra misi\u00f3n ha sido sencilla: proporcionar energ\u00eda segura, asequible y fiable, invirtiendo al mismo tiempo en las personas y comunidades a las que servimos.<\/p>\n<\/div><\/div><\/div>\n\n\n\n<div class=\"wp-block-stackable-column stk-block-column stk-column stk-block stk-edf5d09 stk-entrance\" data-v=\"4\" data-block-id=\"edf5d09\"><style>.stk-edf5d09 {--entrance-transform:translateX(50px) !important;}@media screen and (min-width:690px){.stk-edf5d09 {flex:var(--stk-flex-grow, 1) 1 calc(41.5% - var(--stk-column-gap, 0px) * 1 \/ 2 ) !important;}}<\/style><div class=\"stk-column-wrapper stk-block-column__content stk-container stk-edf5d09-container stk--no-background stk--no-padding\"><div class=\"stk-block-content stk-inner-blocks stk-edf5d09-inner-blocks\">\n<div class=\"wp-block-stackable-columns stk-block-columns stk-block stk-329c5cb\" data-block-id=\"329c5cb\"><style>.stk-329c5cb {margin-bottom:0px !important;}<\/style><div class=\"stk-row stk-inner-blocks stk-block-content stk-content-align stk-329c5cb-column\">\n<div class=\"wp-block-stackable-column stk-block-column stk-column stk-block stk-6ecc2b9\" data-v=\"4\" data-block-id=\"6ecc2b9\"><style>.stk-6ecc2b9-container{margin-top:10px !important;margin-right:10px !important;margin-bottom:10px !important;margin-left:10px !important;}.stk-6ecc2b9-inner-blocks{align-items:center !important;}.stk-6ecc2b9 {border-top-left-radius:var(--stk--preset--border-radius--small, 4px) !important;border-top-right-radius:var(--stk--preset--border-radius--small, 4px) !important;border-bottom-right-radius:var(--stk--preset--border-radius--small, 4px) !important;border-bottom-left-radius:var(--stk--preset--border-radius--small, 4px) !important;overflow:hidden !important;min-height:13rem !important;align-items:center !important;margin-top:10px !important;display:flex !important;}<\/style><div class=\"stk-column-wrapper stk-block-column__content stk-container stk-6ecc2b9-container stk--no-background stk--no-padding\"><div class=\"has-text-align-center stk--column-flex stk-block-content stk-inner-blocks stk-6ecc2b9-inner-blocks\">\n<div class=\"wp-block-stackable-image stk-block-image stk-block stk-248dd7f\" data-block-id=\"248dd7f\"><style>.stk-248dd7f {border-top-left-radius:var(--stk--preset--border-radius--small, 4px) !important;border-top-right-radius:var(--stk--preset--border-radius--small, 4px) !important;border-bottom-right-radius:var(--stk--preset--border-radius--small, 4px) !important;border-bottom-left-radius:var(--stk--preset--border-radius--small, 4px) !important;overflow:hidden !important;}.stk-248dd7f .stk-img-wrapper{height:300px !important;}<\/style><figure><span class=\"stk-img-wrapper stk-image--shape-stretch\"><img loading=\"lazy\" decoding=\"async\" class=\"stk-img wp-image-1335\" src=\"https:\/\/southeastgas.com\/wp-content\/uploads\/Gas-Control.webp\" width=\"922\" height=\"682\" alt=\"Three men in suits stand in a gas control room in front of a large wall map and monitoring gauges, circa mid-20th century.\" srcset=\"https:\/\/southeastgas.com\/wp-content\/uploads\/Gas-Control.webp 922w, https:\/\/southeastgas.com\/wp-content\/uploads\/Gas-Control-300x222.webp 300w, https:\/\/southeastgas.com\/wp-content\/uploads\/Gas-Control-768x568.webp 768w, https:\/\/southeastgas.com\/wp-content\/uploads\/Gas-Control-16x12.webp 16w\" sizes=\"auto, (max-width: 922px) 100vw, 922px\" \/><\/span><\/figure><\/div>\n<\/div><\/div><\/div>\n<\/div><\/div>\n<\/div><\/div><\/div>\n<\/div><\/div>\n\n\n\n<div class=\"wp-block-stackable-columns alignfull stk-block-columns stk-block stk-174b8fd stk-block-background stk--has-background-overlay\" data-block-id=\"174b8fd\"><style>.stk-174b8fd .stk--block-align-174b8fd{align-items:flex-start !important;}.stk-174b8fd {background-color:linear-gradient(180deg,rgb(185,229,251) 0%,rgb(255,255,255) 100%) !important;padding-top:50px !important;}.stk-174b8fd:before{background-image:linear-gradient(180deg,rgb(185,229,251) 0%,rgb(255,255,255) 100%) !important;}.stk-174b8fd-column{max-width:1000px !important;min-width:auto !important;--stk-column-gap:50px !important;justify-content:center !important;}<\/style><div class=\"stk-row stk-inner-blocks has-text-align-left stk--block-align-174b8fd stk-block-content stk-content-align stk-174b8fd-column stk--flex\">\n<div class=\"wp-block-stackable-column stk-block-column stk-column stk-block stk-17d4955 stk-entrance\" data-v=\"4\" data-block-id=\"17d4955\"><style>.stk-17d4955 {--entrance-transform:translateY(25px) !important;}<\/style><div class=\"stk-column-wrapper stk-block-column__content stk-container stk-17d4955-container stk--no-background stk--no-padding\"><div class=\"stk-block-content stk-inner-blocks stk-17d4955-inner-blocks\">\n<h2 class=\"wp-block-heading\">Construido por y para el sureste de Alabama<\/h2>\n\n\n\n<p>Southeast Gas es propiedad a partes iguales de 14 ciudades: Abbeville, Andaluc\u00eda, Brundidge, Dothan, Elba, Enterprise, Eufaula, Fort Deposit, Greenville, Headland, Luverne, Opp, Ozark y Troy. Cada una de estas ciudades sigue estando representada a partes iguales en el Southeast Gas <a href=\"https:\/\/southeastgas.com\/es_gt\/about-us\/leadership\/#board\" type=\"link\" id=\"https:\/\/southeastgas.com\/about-us\/leadership#board\">Consejo de Administraci\u00f3n<\/a>. En la primera reuni\u00f3n del consejo de administraci\u00f3n de la empresa, celebrada el 22 de febrero de 1952, Tracey B. Wilder, de Andaluc\u00eda, fue nombrado Presidente del Consejo. Las reuniones del consejo se celebraron trimestralmente en la ciudad de Gantt, y la empresa seleccion\u00f3 a Goodwin Engineers para dise\u00f1ar y supervisar la construcci\u00f3n del nuevo sistema de gas.<\/p>\n\n\n\n<div class=\"wp-block-stackable-columns stk-block-columns stk-block stk-458957a\" data-block-id=\"458957a\"><style>.stk-458957a .stk--block-align-458957a{align-items:center !important;}.stk-458957a-column{--stk-column-gap:50px !important;row-gap:25px !important;}<\/style><div class=\"stk-row stk-inner-blocks stk--block-align-458957a stk-block-content stk-content-align stk-458957a-column\">\n<div class=\"wp-block-stackable-column stk-block-column stk-column stk-block stk-0f2052a\" data-v=\"4\" data-block-id=\"0f2052a\"><style>.stk-0f2052a-inner-blocks{justify-content:center !important;}@media screen and (min-width:690px){.stk-0f2052a {flex:var(--stk-flex-grow, 1) 1 calc(50% - var(--stk-column-gap, 0px) * 1 \/ 2 ) !important;}}<\/style><div class=\"stk-column-wrapper stk-block-column__content stk-container stk-0f2052a-container stk--no-background stk--no-padding\"><div class=\"stk--column-flex stk-block-content stk-inner-blocks stk-0f2052a-inner-blocks\">\n<div class=\"wp-block-stackable-image stk-block-image stk-block stk-1b0fc52\" data-block-id=\"1b0fc52\"><style>.stk-1b0fc52 {border-top-left-radius:var(--stk--preset--border-radius--small, 4px) !important;border-top-right-radius:var(--stk--preset--border-radius--small, 4px) !important;border-bottom-right-radius:var(--stk--preset--border-radius--small, 4px) !important;border-bottom-left-radius:var(--stk--preset--border-radius--small, 4px) !important;overflow:hidden !important;}<\/style><figure><span class=\"stk-img-wrapper stk-image--shape-stretch\"><img loading=\"lazy\" decoding=\"async\" class=\"stk-img wp-image-1336\" src=\"https:\/\/southeastgas.com\/wp-content\/uploads\/Light-it-up.webp\" width=\"1695\" height=\"1477\" alt=\"Historic photo of a crowd gathered as officials light a natural gas flare during a community ceremony, with men, women, and children watching outside a brick building.\" srcset=\"https:\/\/southeastgas.com\/wp-content\/uploads\/Light-it-up.webp 1695w, https:\/\/southeastgas.com\/wp-content\/uploads\/Light-it-up-300x261.webp 300w, https:\/\/southeastgas.com\/wp-content\/uploads\/Light-it-up-1024x892.webp 1024w, https:\/\/southeastgas.com\/wp-content\/uploads\/Light-it-up-768x669.webp 768w, https:\/\/southeastgas.com\/wp-content\/uploads\/Light-it-up-1536x1338.webp 1536w, https:\/\/southeastgas.com\/wp-content\/uploads\/Light-it-up-14x12.webp 14w\" sizes=\"auto, (max-width: 1695px) 100vw, 1695px\" \/><\/span><\/figure><\/div>\n<\/div><\/div><\/div>\n\n\n\n<div class=\"wp-block-stackable-column stk-block-column stk-column stk-block stk-5ace907\" data-v=\"4\" data-block-id=\"5ace907\"><style>@media screen and (min-width:690px){.stk-5ace907 {flex:var(--stk-flex-grow, 1) 1 calc(50% - var(--stk-column-gap, 0px) * 1 \/ 2 ) !important;}}<\/style><div class=\"stk-column-wrapper stk-block-column__content stk-container stk-5ace907-container stk--no-background stk--no-padding\"><div class=\"stk-block-content stk-inner-blocks stk-5ace907-inner-blocks\">\n<div class=\"wp-block-stackable-image stk-block-image stk-block stk-81403e6\" data-block-id=\"81403e6\"><style>.stk-81403e6 {border-top-left-radius:var(--stk--preset--border-radius--small, 4px) !important;border-top-right-radius:var(--stk--preset--border-radius--small, 4px) !important;border-bottom-right-radius:var(--stk--preset--border-radius--small, 4px) !important;border-bottom-left-radius:var(--stk--preset--border-radius--small, 4px) !important;overflow:hidden !important;}<\/style><figure><span class=\"stk-img-wrapper stk-image--shape-stretch\"><img loading=\"lazy\" decoding=\"async\" class=\"stk-img wp-image-1337\" src=\"https:\/\/southeastgas.com\/wp-content\/uploads\/Valve-Station.webp\" width=\"850\" height=\"668\" alt=\"Two men, one in work clothes and one in a suit, stand inside a valve station surrounded by metal pipes and industrial equipment, mid-20th century.\" srcset=\"https:\/\/southeastgas.com\/wp-content\/uploads\/Valve-Station.webp 850w, https:\/\/southeastgas.com\/wp-content\/uploads\/Valve-Station-300x236.webp 300w, https:\/\/southeastgas.com\/wp-content\/uploads\/Valve-Station-768x604.webp 768w, https:\/\/southeastgas.com\/wp-content\/uploads\/Valve-Station-15x12.webp 15w\" sizes=\"auto, (max-width: 850px) 100vw, 850px\" \/><\/span><\/figure><\/div>\n<\/div><\/div><\/div>\n<\/div><\/div>\n\n\n\n<h2 class=\"wp-block-heading\">Comienza el servicio<\/h2>\n\n\n\n<p>El 1 de noviembre de 1955, despu\u00e9s de tres a\u00f1os de construcci\u00f3n, el gas natural estaba oficialmente \"encendido\" en toda la zona de servicio de Southeast Gas. Algunas ciudades ya contaban con infraestructura, y esos sistemas se mejoraron y conectaron para construir una red \u00fanica y cohesionada. Southeast Gas contrat\u00f3 a su primer director, Price Aycock, de Huntsville, en 1955, con un salario anual de $7.000. Le sucedi\u00f3 R.J. Rowland, de Huntsville. Le sucedi\u00f3 R.J. Smith, que estuvo en el cargo hasta mediados de los ochenta. James H. (Jim) Smith se convirti\u00f3 entonces en Director General y m\u00e1s tarde en Presidente y Consejero Delegado. Tras su jubilaci\u00f3n en 2006, Greg Henderson asumi\u00f3 el cargo y sigue dirigiendo la organizaci\u00f3n en la actualidad.<\/p>\n\n\n\n<h2 class=\"wp-block-heading\">Sigue creciendo con fuerza<\/h2>\n\n\n\n<p>A lo largo de las d\u00e9cadas, Southeast Gas ha ampliado su sistema, su \u00e1rea de servicio y su base de clientes, manteni\u00e9ndose fiel a sus ra\u00edces como empresa de servicios p\u00fablicos propiedad de la comunidad. Hoy en d\u00eda, operamos m\u00e1s de 1.700 millas de tuber\u00edas de distribuci\u00f3n y 575 millas de l\u00edneas de transmisi\u00f3n, lo que hace posible suministrar energ\u00eda segura y eficiente a <a href=\"https:\/\/southeastgas.com\/es_gt\/residential\/\" type=\"page\" id=\"39\">viviendas<\/a>, <a href=\"https:\/\/southeastgas.com\/es_gt\/business\/\" type=\"page\" id=\"41\">empresas<\/a>y <a href=\"https:\/\/southeastgas.com\/es_gt\/growth\/\" type=\"page\" id=\"47\">industrias<\/a> en todo el sureste de Alabama.<\/p>\n\n\n\n<p><strong>Estamos orgullosos de nuestra historia y a\u00fan m\u00e1s entusiasmados con el futuro.<\/strong><\/p>\n<\/div><\/div><\/div>\n<\/div><\/div>\n\n\n\n<p><\/p>","protected":false},"excerpt":{"rendered":"<p>Our History Southeast Gas was formed in 1952 to bring natural gas service to Southeast Alabama. What started as a shared vision among 14 cities has grown into one of the largest municipally owned natural gas systems in the nation\u2014serving more than 32,000 customers in 36 communities across the region. From the beginning, our mission [&hellip;]<\/p>\n","protected":false},"author":2,"featured_media":0,"parent":49,"menu_order":0,"comment_status":"closed","ping_status":"closed","template":"","meta":{"_acf_changed":false,"footnotes":""},"class_list":["post-677","page","type-page","status-publish","hentry"],"blocksy_meta":[],"acf":[],"aioseo_notices":[],"_links":{"self":[{"href":"https:\/\/southeastgas.com\/es_gt\/wp-json\/wp\/v2\/pages\/677","targetHints":{"allow":["GET"]}}],"collection":[{"href":"https:\/\/southeastgas.com\/es_gt\/wp-json\/wp\/v2\/pages"}],"about":[{"href":"https:\/\/southeastgas.com\/es_gt\/wp-json\/wp\/v2\/types\/page"}],"author":[{"embeddable":true,"href":"https:\/\/southeastgas.com\/es_gt\/wp-json\/wp\/v2\/users\/2"}],"replies":[{"embeddable":true,"href":"https:\/\/southeastgas.com\/es_gt\/wp-json\/wp\/v2\/comments?post=677"}],"version-history":[{"count":10,"href":"https:\/\/southeastgas.com\/es_gt\/wp-json\/wp\/v2\/pages\/677\/revisions"}],"predecessor-version":[{"id":2726,"href":"https:\/\/southeastgas.com\/es_gt\/wp-json\/wp\/v2\/pages\/677\/revisions\/2726"}],"up":[{"embeddable":true,"href":"https:\/\/southeastgas.com\/es_gt\/wp-json\/wp\/v2\/pages\/49"}],"wp:attachment":[{"href":"https:\/\/southeastgas.com\/es_gt\/wp-json\/wp\/v2\/media?parent=677"}],"curies":[{"name":"wp","href":"https:\/\/api.w.org\/{rel}","templated":true}]}}