{"id":749,"date":"2025-08-20T00:01:43","date_gmt":"2025-08-20T00:01:43","guid":{"rendered":"http:\/\/3.23.237.209\/?page_id=749"},"modified":"2025-09-18T17:58:07","modified_gmt":"2025-09-18T17:58:07","slug":"sustainability","status":"publish","type":"page","link":"https:\/\/southeastgas.com\/es_gt\/community\/sustainability\/","title":{"rendered":"Sostenibilidad"},"content":{"rendered":"<div class=\"wp-block-stackable-columns stk-block-columns stk-block stk-06ff370\" data-block-id=\"06ff370\"><style>.stk-06ff370 {margin-bottom:50px !important;}.stk-06ff370-column{--stk-column-gap:50px !important;}<\/style><div class=\"stk-row stk-inner-blocks stk-block-content stk-content-align stk-06ff370-column\">\n<div class=\"wp-block-stackable-column stk-block-column stk-column stk-block stk-7a33d94 stk-entrance\" data-v=\"4\" data-block-id=\"7a33d94\"><style>.stk-7a33d94 {align-self:center !important;--entrance-transform:translateX(-50px) !important;}@media screen and (min-width:690px){.stk-7a33d94 {flex:var(--stk-flex-grow, 1) 1 calc(58.5% - var(--stk-column-gap, 0px) * 1 \/ 2 ) !important;}}<\/style><div class=\"stk-column-wrapper stk-block-column__content stk-container stk-7a33d94-container stk--no-background stk--no-padding\"><div class=\"stk-block-content stk-inner-blocks stk-7a33d94-inner-blocks\">\n<h1 class=\"wp-block-heading has-text-align-left\">Nuestro compromiso con la sostenibilidad<\/h1>\n\n\n\n<p>En Southeast Gas, nos comprometemos a suministrar energ\u00eda segura y fiable, no s\u00f3lo para hoy, sino para las generaciones venideras. Eso significa tomar decisiones inteligentes y con visi\u00f3n de futuro sobre c\u00f3mo obtenemos y suministramos el gas natural, al tiempo que exploramos alternativas m\u00e1s limpias para satisfacer las necesidades futuras.<\/p>\n<\/div><\/div><\/div>\n\n\n\n<div class=\"wp-block-stackable-column stk-block-column stk-column stk-block stk-edf5d09 stk-entrance\" data-v=\"4\" data-block-id=\"edf5d09\"><style>.stk-edf5d09 {--entrance-transform:translateX(50px) !important;}@media screen and (min-width:690px){.stk-edf5d09 {flex:var(--stk-flex-grow, 1) 1 calc(41.5% - var(--stk-column-gap, 0px) * 1 \/ 2 ) !important;}}<\/style><div class=\"stk-column-wrapper stk-block-column__content stk-container stk-edf5d09-container stk--no-background stk--no-padding\"><div class=\"stk-block-content stk-inner-blocks stk-edf5d09-inner-blocks\">\n<div class=\"wp-block-stackable-columns stk-block-columns stk-block stk-329c5cb\" data-block-id=\"329c5cb\"><style>.stk-329c5cb {margin-bottom:0px !important;}<\/style><div class=\"stk-row stk-inner-blocks stk-block-content stk-content-align stk-329c5cb-column\">\n<div class=\"wp-block-stackable-column stk-block-column stk-column stk-block stk-6ecc2b9\" data-v=\"4\" data-block-id=\"6ecc2b9\"><style>.stk-6ecc2b9-container{margin-top:10px !important;margin-right:10px !important;margin-bottom:10px !important;margin-left:10px !important;}.stk-6ecc2b9-inner-blocks{align-items:center !important;}.stk-6ecc2b9 {border-top-left-radius:var(--stk--preset--border-radius--small, 4px) !important;border-top-right-radius:var(--stk--preset--border-radius--small, 4px) !important;border-bottom-right-radius:var(--stk--preset--border-radius--small, 4px) !important;border-bottom-left-radius:var(--stk--preset--border-radius--small, 4px) !important;overflow:hidden !important;min-height:13rem !important;align-items:center !important;margin-top:10px !important;display:flex !important;}<\/style><div class=\"stk-column-wrapper stk-block-column__content stk-container stk-6ecc2b9-container stk--no-background stk--no-padding\"><div class=\"has-text-align-center stk--column-flex stk-block-content stk-inner-blocks stk-6ecc2b9-inner-blocks\">\n<div class=\"wp-block-stackable-image stk-block-image stk-block stk-c05eee5\" data-block-id=\"c05eee5\"><style>.stk-c05eee5 {border-top-left-radius:var(--stk--preset--border-radius--small, 4px) !important;border-top-right-radius:var(--stk--preset--border-radius--small, 4px) !important;border-bottom-right-radius:var(--stk--preset--border-radius--small, 4px) !important;border-bottom-left-radius:var(--stk--preset--border-radius--small, 4px) !important;overflow:hidden !important;}.stk-c05eee5 .stk-img-wrapper{height:250px !important;}<\/style><figure><span class=\"stk-img-wrapper stk-image--shape-stretch\"><img loading=\"lazy\" decoding=\"async\" class=\"stk-img wp-image-174\" src=\"https:\/\/southeastgas.com\/wp-content\/uploads\/gas-stove-flames.webp\" width=\"1080\" height=\"539\" alt=\"close up of a gas flame on a stove\" srcset=\"https:\/\/southeastgas.com\/wp-content\/uploads\/gas-stove-flames.webp 1080w, https:\/\/southeastgas.com\/wp-content\/uploads\/gas-stove-flames-300x150.webp 300w, https:\/\/southeastgas.com\/wp-content\/uploads\/gas-stove-flames-1024x511.webp 1024w, https:\/\/southeastgas.com\/wp-content\/uploads\/gas-stove-flames-768x383.webp 768w, https:\/\/southeastgas.com\/wp-content\/uploads\/gas-stove-flames-18x9.webp 18w\" sizes=\"auto, (max-width: 1080px) 100vw, 1080px\" \/><\/span><\/figure><\/div>\n<\/div><\/div><\/div>\n<\/div><\/div>\n<\/div><\/div><\/div>\n<\/div><\/div>\n\n\n\n<div class=\"wp-block-stackable-columns alignfull stk-block-columns stk-block stk-174b8fd stk-block-background stk--has-background-overlay\" data-block-id=\"174b8fd\"><style>.stk-174b8fd .stk--block-align-174b8fd{align-items:flex-start !important;}.stk-174b8fd {background-color:linear-gradient(180deg,rgb(185,229,251) 0%,rgb(255,255,255) 100%) !important;padding-top:50px !important;}.stk-174b8fd:before{background-image:linear-gradient(180deg,rgb(185,229,251) 0%,rgb(255,255,255) 100%) !important;}.stk-174b8fd-column{max-width:1000px !important;min-width:auto !important;--stk-column-gap:50px !important;justify-content:center !important;}<\/style><div class=\"stk-row stk-inner-blocks has-text-align-left stk--block-align-174b8fd stk-block-content stk-content-align stk-174b8fd-column stk--flex\">\n<div class=\"wp-block-stackable-column stk-block-column stk-column stk-block stk-17d4955 stk-entrance\" data-v=\"4\" data-block-id=\"17d4955\"><style>.stk-17d4955 {--entrance-transform:translateY(25px) !important;}<\/style><div class=\"stk-column-wrapper stk-block-column__content stk-container stk-17d4955-container stk--no-background stk--no-padding\"><div class=\"stk-block-content stk-inner-blocks stk-17d4955-inner-blocks\">\n<h2 class=\"wp-block-heading\">Una opci\u00f3n m\u00e1s limpia para Alabama<\/h2>\n\n\n\n<p>El gas natural es un combustible limpio y vers\u00e1til utilizado por propietarios de viviendas, empresas e industrias de todo el sureste de Alabama. Desde calentar los hogares hasta alimentar el crecimiento industrial, el gas natural proporciona una soluci\u00f3n energ\u00e9tica fiable con un menor impacto medioambiental. En comparaci\u00f3n con otros combustibles f\u00f3siles, el gas natural:<\/p>\n\n\n\n<ul class=\"wp-block-list\">\n<li>Produce menos emisiones de gases de efecto invernadero<\/li>\n\n\n\n<li>Quema de forma m\u00e1s eficiente, reduciendo los residuos<\/li>\n\n\n\n<li>Apoya la fiabilidad energ\u00e9tica durante los picos de demanda<\/li>\n<\/ul>\n\n\n\n<div class=\"wp-block-stackable-divider stk-block-divider stk-block stk-57a943e\" data-block-id=\"57a943e\"><style>.stk-57a943e hr.stk-block-divider__hr{background:var(--theme-palette-color-1, #46B865) !important;width:100% !important;}.stk-57a943e {margin-top:25px !important;margin-bottom:25px !important;}<\/style><hr class=\"stk-block-divider__hr\"\/><\/div>\n\n\n\n<h2 class=\"wp-block-heading\">Invertir en gas natural renovable (GNR)<\/h2>\n\n\n\n<p>Para mejorar la sostenibilidad a largo plazo, Southeast Gas invierte activamente en proyectos de gas natural renovable (GNR). Estas instalaciones capturan el metano de fuentes como los vertederos y la agricultura, y lo procesan para convertirlo en gas natural utilizable, lo que contribuye a reducir las emisiones y a apoyar una econom\u00eda energ\u00e9tica circular. Esta innovaci\u00f3n nos ayuda a satisfacer la creciente demanda al tiempo que contribuye a un futuro m\u00e1s sostenible para nuestras comunidades.<\/p>\n\n\n\n<div class=\"wp-block-stackable-divider stk-block-divider stk-block stk-005af70\" data-block-id=\"005af70\"><style>.stk-005af70 hr.stk-block-divider__hr{background:var(--theme-palette-color-1, #46B865) !important;width:100% !important;}.stk-005af70 {margin-top:25px !important;margin-bottom:25px !important;}<\/style><hr class=\"stk-block-divider__hr\"\/><\/div>\n\n\n\n<h2 class=\"wp-block-heading\">SERVIR: Nuestra visi\u00f3n rectora<\/h2>\n\n\n\n<p>Nuestro compromiso con la sostenibilidad forma parte de nuestra visi\u00f3n m\u00e1s amplia de SERVIR:<\/p>\n\n\n\n<ul class=\"wp-block-list\">\n<li>Seguridad<\/li>\n\n\n\n<li>Energ\u00eda<\/li>\n\n\n\n<li>Fiabilidad<\/li>\n\n\n\n<li>Valor<\/li>\n\n\n\n<li>Compromiso<\/li>\n<\/ul>\n\n\n\n<p>Juntos, estos valores nos impulsan a hacer algo m\u00e1s que suministrar energ\u00eda. Nos empujan a construir un futuro m\u00e1s fuerte e inteligente, aqu\u00ed mismo, en el sureste de Alabama.<\/p>\n<\/div><\/div><\/div>\n<\/div><\/div>\n\n\n\n<div style=\"height:100px\" aria-hidden=\"true\" class=\"wp-block-spacer\"><\/div>","protected":false},"excerpt":{"rendered":"<p>Our Commitment to Sustainability At Southeast Gas, we\u2019re committed to delivering safe, reliable energy\u2014not just for today, but for generations to come. That means making smart, forward-thinking decisions about how we source and deliver natural gas, while also exploring cleaner alternatives to meet future needs. A Cleaner Choice for Alabama Natural gas is a clean-burning, [&hellip;]<\/p>\n","protected":false},"author":2,"featured_media":0,"parent":45,"menu_order":0,"comment_status":"closed","ping_status":"closed","template":"","meta":{"_acf_changed":false,"footnotes":""},"class_list":["post-749","page","type-page","status-publish","hentry"],"blocksy_meta":[],"acf":[],"aioseo_notices":[],"_links":{"self":[{"href":"https:\/\/southeastgas.com\/es_gt\/wp-json\/wp\/v2\/pages\/749","targetHints":{"allow":["GET"]}}],"collection":[{"href":"https:\/\/southeastgas.com\/es_gt\/wp-json\/wp\/v2\/pages"}],"about":[{"href":"https:\/\/southeastgas.com\/es_gt\/wp-json\/wp\/v2\/types\/page"}],"author":[{"embeddable":true,"href":"https:\/\/southeastgas.com\/es_gt\/wp-json\/wp\/v2\/users\/2"}],"replies":[{"embeddable":true,"href":"https:\/\/southeastgas.com\/es_gt\/wp-json\/wp\/v2\/comments?post=749"}],"version-history":[{"count":7,"href":"https:\/\/southeastgas.com\/es_gt\/wp-json\/wp\/v2\/pages\/749\/revisions"}],"predecessor-version":[{"id":1223,"href":"https:\/\/southeastgas.com\/es_gt\/wp-json\/wp\/v2\/pages\/749\/revisions\/1223"}],"up":[{"embeddable":true,"href":"https:\/\/southeastgas.com\/es_gt\/wp-json\/wp\/v2\/pages\/45"}],"wp:attachment":[{"href":"https:\/\/southeastgas.com\/es_gt\/wp-json\/wp\/v2\/media?parent=749"}],"curies":[{"name":"wp","href":"https:\/\/api.w.org\/{rel}","templated":true}]}}